{"id":58,"date":"2021-06-19T12:32:46","date_gmt":"2021-06-19T10:32:46","guid":{"rendered":"http:\/\/www.propeyresq.be\/?page_id=58"},"modified":"2021-06-19T12:32:46","modified_gmt":"2021-06-19T10:32:46","slug":"histoire_part1","status":"publish","type":"page","link":"https:\/\/propeyresq.be\/?page_id=58","title":{"rendered":"La naissance de Perets (1232-1387)"},"content":{"rendered":"<p>Les premi\u00e8res traces de construction sur cet \u00e9peron rocheux datent du d\u00e9but du XI\u00e8me si\u00e8cle : on y mentionne en effet un ch\u00e2teau dit \u00ab <i>de Perets <\/i>\u00bb pour d\u00e9fendre le bourg de La Colle Saint Michel.<\/p>\n<p>Le village, lui, fut fond\u00e9 en 1232, sur ordre du Comte de Provence Raymond B\u00e9ranger V (1200-1245) pour constituer un point fort plus puissant que l&rsquo;ancien castrum de La Colle Saint-Michel. Perets, proche de la fronti\u00e8re s\u00e9parant le Comt\u00e9 de Provence du Comt\u00e9 de Savoie, appartient alors aux Rostang de Thorame, vassaux du Compte de Provence, qui y occupent un ch\u00e2teau seigneurial.<\/p>\n<p>L&rsquo;\u00e9glise, de style roman tardif et avec ses pierres plates issues du Grand Coyer tout proche, fut aussi construite en ce XIIIe si\u00e8cle. Elle fut confi\u00e9e \u00e0 des moines b\u00e9n\u00e9dictins de saint Dalmas de P\u00e9dona, en Italie. Ces moines semblent \u00eatre rest\u00e9s \u00e0 Peyresq jusqu&rsquo;au XVe si\u00e8cle.<\/p>\n<p>En 1300, l\u2019activit\u00e9 pastorale \u00e9tait d\u00e9j\u00e0 bien pr\u00e9sente dans le village : deux bergers y gardaient 1140 brebis et 450 agneaux en transhumance hivernale.<\/p>\n<p>Dans le milieu du XIV\u00e8me si\u00e8cle, la peste noire faisait rage sur le continent, tuant pr\u00e8s d\u2019un europ\u00e9en sur trois. Perets ne fit pas exception, et en 1348 le village fut d\u00e9peupl\u00e9 par l\u2019\u00e9pid\u00e9mie. En 1387, la seigneurie de Perets passa aux Villeneuve, et devint alors la seigneurie de Peiresc.<\/p>\n","protected":false},"excerpt":{"rendered":"<p>Les premi\u00e8res traces de construction sur cet \u00e9peron rocheux datent du d\u00e9but du XI\u00e8me si\u00e8cle : on y mentionne en effet un ch\u00e2teau dit \u00ab de Perets \u00bb pour d\u00e9fendre le bourg de La Colle Saint Michel. Le village, lui, fut fond\u00e9 en 1232, sur ordre du Comte de Provence [&hellip;]<\/p>\n","protected":false},"author":2,"featured_media":0,"parent":59,"menu_order":1,"comment_status":"closed","ping_status":"closed","template":"","meta":{"footnotes":""},"class_list":["post-58","page","type-page","status-publish","hentry"],"post_mailing_queue_ids":[],"_links":{"self":[{"href":"https:\/\/propeyresq.be\/index.php?rest_route=\/wp\/v2\/pages\/58","targetHints":{"allow":["GET"]}}],"collection":[{"href":"https:\/\/propeyresq.be\/index.php?rest_route=\/wp\/v2\/pages"}],"about":[{"href":"https:\/\/propeyresq.be\/index.php?rest_route=\/wp\/v2\/types\/page"}],"author":[{"embeddable":true,"href":"https:\/\/propeyresq.be\/index.php?rest_route=\/wp\/v2\/users\/2"}],"replies":[{"embeddable":true,"href":"https:\/\/propeyresq.be\/index.php?rest_route=%2Fwp%2Fv2%2Fcomments&post=58"}],"version-history":[{"count":0,"href":"https:\/\/propeyresq.be\/index.php?rest_route=\/wp\/v2\/pages\/58\/revisions"}],"up":[{"embeddable":true,"href":"https:\/\/propeyresq.be\/index.php?rest_route=\/wp\/v2\/pages\/59"}],"wp:attachment":[{"href":"https:\/\/propeyresq.be\/index.php?rest_route=%2Fwp%2Fv2%2Fmedia&parent=58"}],"curies":[{"name":"wp","href":"https:\/\/api.w.org\/{rel}","templated":true}]}}