{"id":3062,"date":"2026-03-26T18:38:26","date_gmt":"2026-03-26T16:38:26","guid":{"rendered":"https:\/\/propeyresq.be\/?page_id=3062"},"modified":"2026-04-02T17:44:57","modified_gmt":"2026-04-02T15:44:57","slug":"pulls-t-shirts","status":"publish","type":"page","link":"https:\/\/propeyresq.be\/?page_id=3062","title":{"rendered":"Pulls &amp; t-shirts"},"content":{"rendered":"\n<p>Afin de garder un souvenir de la <strong>saison 2026<\/strong>, des polaires (taille adulte) et t-shirts (taille enfant) ont \u00e9t\u00e9 r\u00e9alis\u00e9s par deux valeureux-ses Peyrescan-nes. Afin de faciliter la gestion, les polaires et t-shirts seront disponibles sur <strong>pr\u00e9-commande uniquement<\/strong> via <a href=\"https:\/\/forms.gle\/WyYy7a82W5S4k9Bp7\" data-type=\"link\" data-id=\"https:\/\/forms.gle\/WyYy7a82W5S4k9Bp7\">ce formulaire<\/a>. Ils pourront \u00eatre r\u00e9cup\u00e9r\u00e9s \u00e0 Peyresq. <br><strong><mark style=\"background-color:rgba(0, 0, 0, 0)\" class=\"has-inline-color has-accent-color\">Cl\u00f4ture des commandes : fin avril.<\/mark><\/strong><\/p>\n\n\n\n<p>Le <strong>paiement<\/strong> se fera sur la place du village, \u00e0 Peyresq :). Afin que les polaires &amp; t-shirts soient accessibles autant que possible, nous pratiquerons le principe du \u00ab\u00a0prix diff\u00e9renci\u00e9\u00a0\u00bb qui permet \u00e0 chacun-e, en conscience, de choisir son tarif (\u00e0 titre d&rsquo;info, le prix co\u00fbtant sera de +- 45 euros pour les polaires et +- 15 euros pour les t-shirts &#8211; le prix r\u00e9el est susceptible de changer en fonction du nombre de commandes et sera communiqu\u00e9 par mail + via Facebook d\u00e8s la cl\u00f4ture) :<\/p>\n\n\n\n<ul class=\"wp-block-list\">\n<li>Prix r\u00e9duit : perte de quelques euros pour l&rsquo;ASBL<\/li>\n\n\n\n<li>Prix co\u00fbtant : tout est dans le titre<\/li>\n\n\n\n<li>Prix solidaire : quelques euros de b\u00e9n\u00e9fice pour l&rsquo;ASBL<br><\/li>\n<\/ul>\n\n\n<div class=\"wp-block-image\">\n<figure class=\"aligncenter size-large is-resized\"><img fetchpriority=\"high\" decoding=\"async\" width=\"1024\" height=\"949\" src=\"https:\/\/propeyresq.be\/wp-content\/uploads\/2026\/03\/image-1024x949.png\" alt=\"\" class=\"wp-image-3078\" style=\"width:490px;height:auto\" srcset=\"https:\/\/propeyresq.be\/wp-content\/uploads\/2026\/03\/image-1024x949.png 1024w, https:\/\/propeyresq.be\/wp-content\/uploads\/2026\/03\/image-300x278.png 300w, https:\/\/propeyresq.be\/wp-content\/uploads\/2026\/03\/image-768x712.png 768w, https:\/\/propeyresq.be\/wp-content\/uploads\/2026\/03\/image.png 1208w\" sizes=\"(max-width: 1024px) 100vw, 1024px\" \/><\/figure><\/div>\n\n\n<div class=\"wp-block-columns is-layout-flex wp-container-core-columns-is-layout-28f84493 wp-block-columns-is-layout-flex\">\n<div class=\"wp-block-column is-layout-flow wp-block-column-is-layout-flow\">\n<figure class=\"wp-block-image size-large\"><img decoding=\"async\" width=\"1024\" height=\"724\" src=\"https:\/\/propeyresq.be\/wp-content\/uploads\/2026\/04\/WhatsApp-Image-2026-04-02-at-15.14.00-1-1024x724.jpeg\" alt=\"\" class=\"wp-image-3169\" srcset=\"https:\/\/propeyresq.be\/wp-content\/uploads\/2026\/04\/WhatsApp-Image-2026-04-02-at-15.14.00-1-1024x724.jpeg 1024w, https:\/\/propeyresq.be\/wp-content\/uploads\/2026\/04\/WhatsApp-Image-2026-04-02-at-15.14.00-1-300x212.jpeg 300w, https:\/\/propeyresq.be\/wp-content\/uploads\/2026\/04\/WhatsApp-Image-2026-04-02-at-15.14.00-1-768x543.jpeg 768w, https:\/\/propeyresq.be\/wp-content\/uploads\/2026\/04\/WhatsApp-Image-2026-04-02-at-15.14.00-1.jpeg 1366w\" sizes=\"(max-width: 1024px) 100vw, 1024px\" \/><\/figure>\n<\/div>\n\n\n\n<div class=\"wp-block-column is-layout-flow wp-block-column-is-layout-flow\">\n<figure class=\"wp-block-image size-large\"><img decoding=\"async\" width=\"1024\" height=\"724\" src=\"https:\/\/propeyresq.be\/wp-content\/uploads\/2026\/04\/WhatsApp-Image-2026-04-02-at-15.14.00-1024x724.jpeg\" alt=\"\" class=\"wp-image-3170\" srcset=\"https:\/\/propeyresq.be\/wp-content\/uploads\/2026\/04\/WhatsApp-Image-2026-04-02-at-15.14.00-1024x724.jpeg 1024w, https:\/\/propeyresq.be\/wp-content\/uploads\/2026\/04\/WhatsApp-Image-2026-04-02-at-15.14.00-300x212.jpeg 300w, https:\/\/propeyresq.be\/wp-content\/uploads\/2026\/04\/WhatsApp-Image-2026-04-02-at-15.14.00-768x543.jpeg 768w, https:\/\/propeyresq.be\/wp-content\/uploads\/2026\/04\/WhatsApp-Image-2026-04-02-at-15.14.00.jpeg 1366w\" sizes=\"(max-width: 1024px) 100vw, 1024px\" \/><\/figure>\n<\/div>\n<\/div>\n\n\n\n<div class=\"wp-block-columns is-layout-flex wp-container-core-columns-is-layout-28f84493 wp-block-columns-is-layout-flex\">\n<div class=\"wp-block-column is-layout-flow wp-block-column-is-layout-flow\" style=\"flex-basis:100%\"><\/div>\n<\/div>\n\n\n\n<p><\/p>\n","protected":false},"excerpt":{"rendered":"<p>Afin de garder un souvenir de la saison 2026, des polaires (taille adulte) et t-shirts (taille enfant) ont \u00e9t\u00e9 r\u00e9alis\u00e9s par deux valeureux-ses Peyrescan-nes. Afin de faciliter la gestion, les polaires et t-shirts seront disponibles sur pr\u00e9-commande uniquement via ce formulaire. Ils pourront \u00eatre r\u00e9cup\u00e9r\u00e9s \u00e0 Peyresq. Cl\u00f4ture des commandes [&hellip;]<\/p>\n","protected":false},"author":1459,"featured_media":0,"parent":1285,"menu_order":0,"comment_status":"closed","ping_status":"closed","template":"","meta":{"footnotes":""},"class_list":["post-3062","page","type-page","status-publish","hentry"],"post_mailing_queue_ids":[],"_links":{"self":[{"href":"https:\/\/propeyresq.be\/index.php?rest_route=\/wp\/v2\/pages\/3062","targetHints":{"allow":["GET"]}}],"collection":[{"href":"https:\/\/propeyresq.be\/index.php?rest_route=\/wp\/v2\/pages"}],"about":[{"href":"https:\/\/propeyresq.be\/index.php?rest_route=\/wp\/v2\/types\/page"}],"author":[{"embeddable":true,"href":"https:\/\/propeyresq.be\/index.php?rest_route=\/wp\/v2\/users\/1459"}],"replies":[{"embeddable":true,"href":"https:\/\/propeyresq.be\/index.php?rest_route=%2Fwp%2Fv2%2Fcomments&post=3062"}],"version-history":[{"count":12,"href":"https:\/\/propeyresq.be\/index.php?rest_route=\/wp\/v2\/pages\/3062\/revisions"}],"predecessor-version":[{"id":3172,"href":"https:\/\/propeyresq.be\/index.php?rest_route=\/wp\/v2\/pages\/3062\/revisions\/3172"}],"up":[{"embeddable":true,"href":"https:\/\/propeyresq.be\/index.php?rest_route=\/wp\/v2\/pages\/1285"}],"wp:attachment":[{"href":"https:\/\/propeyresq.be\/index.php?rest_route=%2Fwp%2Fv2%2Fmedia&parent=3062"}],"curies":[{"name":"wp","href":"https:\/\/api.w.org\/{rel}","templated":true}]}}