{"id":3058,"date":"2026-03-26T18:34:53","date_gmt":"2026-03-26T16:34:53","guid":{"rendered":"https:\/\/propeyresq.be\/?page_id=3058"},"modified":"2026-03-28T13:55:22","modified_gmt":"2026-03-28T11:55:22","slug":"foire-aux-questions-faq","status":"publish","type":"page","link":"https:\/\/propeyresq.be\/?page_id=3058","title":{"rendered":"Foire aux questions (FAQ)"},"content":{"rendered":"\t\t<div data-elementor-type=\"wp-page\" data-elementor-id=\"3058\" class=\"elementor elementor-3058\">\n\t\t\t\t\t\t<section class=\"elementor-section elementor-top-section elementor-element elementor-element-5f92e6ee elementor-section-boxed elementor-section-height-default elementor-section-height-default\" data-id=\"5f92e6ee\" data-element_type=\"section\">\n\t\t\t\t\t\t<div class=\"elementor-container elementor-column-gap-default\">\n\t\t\t\t\t<div class=\"elementor-column elementor-col-100 elementor-top-column elementor-element elementor-element-92fe2d1\" data-id=\"92fe2d1\" data-element_type=\"column\">\n\t\t\t<div class=\"elementor-widget-wrap elementor-element-populated\">\n\t\t\t\t\t\t<div class=\"elementor-element elementor-element-2f9f49f0 elementor-widget elementor-widget-text-editor\" data-id=\"2f9f49f0\" data-element_type=\"widget\" data-widget_type=\"text-editor.default\">\n\t\t\t\t<div class=\"elementor-widget-container\">\n\t\t\t\t\t\t\t\t\t\n<h2><strong>Foire aux questions (FAQ)<\/strong><\/h2>\n\t\t\t\t\t\t\t\t<\/div>\n\t\t\t\t<\/div>\n\t\t\t\t\t<\/div>\n\t\t<\/div>\n\t\t\t\t\t<\/div>\n\t\t<\/section>\n\t\t\t\t<section class=\"elementor-section elementor-top-section elementor-element elementor-element-4ef0bb8 elementor-section-boxed elementor-section-height-default elementor-section-height-default\" data-id=\"4ef0bb8\" data-element_type=\"section\">\n\t\t\t\t\t\t<div class=\"elementor-container elementor-column-gap-default\">\n\t\t\t\t\t<div class=\"elementor-column elementor-col-100 elementor-top-column elementor-element elementor-element-18a27f5\" data-id=\"18a27f5\" data-element_type=\"column\">\n\t\t\t<div class=\"elementor-widget-wrap\">\n\t\t\t\t\t\t\t<\/div>\n\t\t<\/div>\n\t\t\t\t\t<\/div>\n\t\t<\/section>\n\t\t\t\t<section class=\"elementor-section elementor-top-section elementor-element elementor-element-9c26803 elementor-section-boxed elementor-section-height-default elementor-section-height-default\" data-id=\"9c26803\" data-element_type=\"section\">\n\t\t\t\t\t\t<div class=\"elementor-container elementor-column-gap-default\">\n\t\t\t\t\t<div class=\"elementor-column elementor-col-100 elementor-top-column elementor-element elementor-element-555e9aa\" data-id=\"555e9aa\" data-element_type=\"column\">\n\t\t\t<div class=\"elementor-widget-wrap elementor-element-populated\">\n\t\t\t\t\t\t<div class=\"elementor-element elementor-element-35501ca elementor-widget elementor-widget-toggle\" data-id=\"35501ca\" data-element_type=\"widget\" data-widget_type=\"toggle.default\">\n\t\t\t\t<div class=\"elementor-widget-container\">\n\t\t\t\t\t\t\t<div class=\"elementor-toggle\">\n\t\t\t\t\t\t\t<div class=\"elementor-toggle-item\">\n\t\t\t\t\t<div id=\"elementor-tab-title-5591\" class=\"elementor-tab-title\" data-tab=\"1\" role=\"button\" aria-controls=\"elementor-tab-content-5591\" aria-expanded=\"false\">\n\t\t\t\t\t\t\t\t\t\t\t\t<span class=\"elementor-toggle-icon elementor-toggle-icon-left\" aria-hidden=\"true\">\n\t\t\t\t\t\t\t\t\t\t\t\t\t\t\t<span class=\"elementor-toggle-icon-closed\"><i class=\"fas fa-caret-right\"><\/i><\/span>\n\t\t\t\t\t\t\t\t<span class=\"elementor-toggle-icon-opened\"><i class=\"elementor-toggle-icon-opened fas fa-caret-up\"><\/i><\/span>\n\t\t\t\t\t\t\t\t\t\t\t\t\t<\/span>\n\t\t\t\t\t\t\t\t\t\t\t\t<a class=\"elementor-toggle-title\" tabindex=\"0\">Comment utiliser le formulaire de r\u00e9servation ?<\/a>\n\t\t\t\t\t<\/div>\n\n\t\t\t\t\t<div id=\"elementor-tab-content-5591\" class=\"elementor-tab-content elementor-clearfix\" data-tab=\"1\" role=\"region\" aria-labelledby=\"elementor-tab-title-5591\"><p>Le formulaire de r\u00e9servation est assez intuitif et deux modes d&#8217;emploi sont \u00e0 votre disposition pour vous aider : un texte explicatif directement accessible \u00e0 droite du formulaire d&rsquo;inscription + le diagramme ci-dessous :). Tout va bien se passer !\u00a0<\/p>\n<p><img fetchpriority=\"high\" decoding=\"async\" src=\"https:\/\/propeyresq.be\/wp-content\/uploads\/2026\/03\/WhatsApp-Image-2026-03-27-at-19.12.18-212x300.jpeg\" alt=\"\" width=\"450\" height=\"637\" class=\"wp-image-3086 alignleft\" srcset=\"https:\/\/propeyresq.be\/wp-content\/uploads\/2026\/03\/WhatsApp-Image-2026-03-27-at-19.12.18-212x300.jpeg 212w, https:\/\/propeyresq.be\/wp-content\/uploads\/2026\/03\/WhatsApp-Image-2026-03-27-at-19.12.18-724x1024.jpeg 724w, https:\/\/propeyresq.be\/wp-content\/uploads\/2026\/03\/WhatsApp-Image-2026-03-27-at-19.12.18-768x1086.jpeg 768w, https:\/\/propeyresq.be\/wp-content\/uploads\/2026\/03\/WhatsApp-Image-2026-03-27-at-19.12.18-1086x1536.jpeg 1086w, https:\/\/propeyresq.be\/wp-content\/uploads\/2026\/03\/WhatsApp-Image-2026-03-27-at-19.12.18.jpeg 1131w\" sizes=\"(max-width: 450px) 100vw, 450px\" \/><img decoding=\"async\" src=\"https:\/\/propeyresq.be\/wp-content\/uploads\/2026\/03\/WhatsApp-Image-2026-03-27-at-19.12.18-1-212x300.jpeg\" alt=\"\" width=\"450\" height=\"636\" class=\"wp-image-3085 alignleft\" srcset=\"https:\/\/propeyresq.be\/wp-content\/uploads\/2026\/03\/WhatsApp-Image-2026-03-27-at-19.12.18-1-212x300.jpeg 212w, https:\/\/propeyresq.be\/wp-content\/uploads\/2026\/03\/WhatsApp-Image-2026-03-27-at-19.12.18-1-724x1024.jpeg 724w, https:\/\/propeyresq.be\/wp-content\/uploads\/2026\/03\/WhatsApp-Image-2026-03-27-at-19.12.18-1-768x1086.jpeg 768w, https:\/\/propeyresq.be\/wp-content\/uploads\/2026\/03\/WhatsApp-Image-2026-03-27-at-19.12.18-1-1086x1536.jpeg 1086w, https:\/\/propeyresq.be\/wp-content\/uploads\/2026\/03\/WhatsApp-Image-2026-03-27-at-19.12.18-1.jpeg 1131w\" sizes=\"(max-width: 450px) 100vw, 450px\" \/><\/p><\/div>\n\t\t\t\t<\/div>\n\t\t\t\t\t\t\t<div class=\"elementor-toggle-item\">\n\t\t\t\t\t<div id=\"elementor-tab-title-5592\" class=\"elementor-tab-title\" data-tab=\"2\" role=\"button\" aria-controls=\"elementor-tab-content-5592\" aria-expanded=\"false\">\n\t\t\t\t\t\t\t\t\t\t\t\t<span class=\"elementor-toggle-icon elementor-toggle-icon-left\" aria-hidden=\"true\">\n\t\t\t\t\t\t\t\t\t\t\t\t\t\t\t<span class=\"elementor-toggle-icon-closed\"><i class=\"fas fa-caret-right\"><\/i><\/span>\n\t\t\t\t\t\t\t\t<span class=\"elementor-toggle-icon-opened\"><i class=\"elementor-toggle-icon-opened fas fa-caret-up\"><\/i><\/span>\n\t\t\t\t\t\t\t\t\t\t\t\t\t<\/span>\n\t\t\t\t\t\t\t\t\t\t\t\t<a class=\"elementor-toggle-title\" tabindex=\"0\">J'ai re\u00e7u un mail, \u00e7a veut dire que j'ai une place ?<\/a>\n\t\t\t\t\t<\/div>\n\n\t\t\t\t\t<div id=\"elementor-tab-content-5592\" class=\"elementor-tab-content elementor-clearfix\" data-tab=\"2\" role=\"region\" aria-labelledby=\"elementor-tab-title-5592\"><p><strong>Premi\u00e8re \u00e9tape<\/strong> : la r\u00e9ception du mail ci-dessous signifie que le syst\u00e8me a bien <strong>enregistr\u00e9<\/strong> votre demande de r\u00e9servation. L&rsquo;\u00e9quipe r\u00e9sa est actuellement en train de voir si un logement peut vous \u00eatre attribu\u00e9 ou si la semaine est compl\u00e8te.<\/p>\n<p><img decoding=\"async\" src=\"https:\/\/propeyresq.be\/wp-content\/uploads\/2026\/03\/SCR-20260328-kxtn-300x124.png\" alt=\"\" width=\"720\" height=\"298\" class=\"alignnone  wp-image-3104\" srcset=\"https:\/\/propeyresq.be\/wp-content\/uploads\/2026\/03\/SCR-20260328-kxtn-300x124.png 300w, https:\/\/propeyresq.be\/wp-content\/uploads\/2026\/03\/SCR-20260328-kxtn-1024x424.png 1024w, https:\/\/propeyresq.be\/wp-content\/uploads\/2026\/03\/SCR-20260328-kxtn-768x318.png 768w, https:\/\/propeyresq.be\/wp-content\/uploads\/2026\/03\/SCR-20260328-kxtn-1536x636.png 1536w, https:\/\/propeyresq.be\/wp-content\/uploads\/2026\/03\/SCR-20260328-kxtn-2048x848.png 2048w\" sizes=\"(max-width: 720px) 100vw, 720px\" \/><\/p>\n<p><strong>Deuxi\u00e8me \u00e9tape<\/strong> : la r\u00e9ception du mail ci-dessous signifie <strong>qu&rsquo;un<\/strong> <strong>logement vous a \u00e9t\u00e9 attribu\u00e9<\/strong> et qu&rsquo;il est temps de pr\u00e9parer vos bagages pour Peyresq ! Vous pouvez en profiter pour consulter \u00ab\u00a0La vie pratique \u00e0 Peyresq\u00a0\u00bb histoire de se rafra\u00eechir la m\u00e9moire \ud83d\ude42<\/p>\n<p><img loading=\"lazy\" decoding=\"async\" src=\"https:\/\/propeyresq.be\/wp-content\/uploads\/2026\/03\/SCR-20260328-kzrs-2-300x131.png\" alt=\"\" width=\"666\" height=\"291\" class=\"alignnone  wp-image-3106\" srcset=\"https:\/\/propeyresq.be\/wp-content\/uploads\/2026\/03\/SCR-20260328-kzrs-2-300x131.png 300w, https:\/\/propeyresq.be\/wp-content\/uploads\/2026\/03\/SCR-20260328-kzrs-2-1024x446.png 1024w, https:\/\/propeyresq.be\/wp-content\/uploads\/2026\/03\/SCR-20260328-kzrs-2-768x334.png 768w, https:\/\/propeyresq.be\/wp-content\/uploads\/2026\/03\/SCR-20260328-kzrs-2-1536x669.png 1536w, https:\/\/propeyresq.be\/wp-content\/uploads\/2026\/03\/SCR-20260328-kzrs-2-2048x892.png 2048w\" sizes=\"(max-width: 666px) 100vw, 666px\" \/><\/p><\/div>\n\t\t\t\t<\/div>\n\t\t\t\t\t\t\t<div class=\"elementor-toggle-item\">\n\t\t\t\t\t<div id=\"elementor-tab-title-5593\" class=\"elementor-tab-title\" data-tab=\"3\" role=\"button\" aria-controls=\"elementor-tab-content-5593\" aria-expanded=\"false\">\n\t\t\t\t\t\t\t\t\t\t\t\t<span class=\"elementor-toggle-icon elementor-toggle-icon-left\" aria-hidden=\"true\">\n\t\t\t\t\t\t\t\t\t\t\t\t\t\t\t<span class=\"elementor-toggle-icon-closed\"><i class=\"fas fa-caret-right\"><\/i><\/span>\n\t\t\t\t\t\t\t\t<span class=\"elementor-toggle-icon-opened\"><i class=\"elementor-toggle-icon-opened fas fa-caret-up\"><\/i><\/span>\n\t\t\t\t\t\t\t\t\t\t\t\t\t<\/span>\n\t\t\t\t\t\t\t\t\t\t\t\t<a class=\"elementor-toggle-title\" tabindex=\"0\">Je n'arrive pas \u00e0 s\u00e9lectionner les dates souhait\u00e9es, c'est complet ?<\/a>\n\t\t\t\t\t<\/div>\n\n\t\t\t\t\t<div id=\"elementor-tab-content-5593\" class=\"elementor-tab-content elementor-clearfix\" data-tab=\"3\" role=\"region\" aria-labelledby=\"elementor-tab-title-5593\"><p>Si vous n&rsquo;arrivez pas \u00e0 s\u00e9lectionner les dates souhait\u00e9es, c&rsquo;est g\u00e9n\u00e9ralement parce que :<\/p>\n<ol>\n<li>La semaine est compl\u00e8te (elle s&rsquo;affiche en rouge, du samedi au samedi). Les semaines compl\u00e8tes sont \u00e9galement indiqu\u00e9es en haut de la page sur laquelle se trouve le formulaire.<\/li>\n<li>L&rsquo;inscription en\u00a0<strong>privatif<\/strong> ne peut se faire que du samedi au samedi \u2192 il n&rsquo;est donc pas possible de s\u00e9lectionner une autre plage (ex. du mardi au samedi \u2192 il faut alors s&rsquo;inscrire dans un logement\u00a0<strong>collectif<\/strong>)<\/li>\n<\/ol><\/div>\n\t\t\t\t<\/div>\n\t\t\t\t\t\t\t<div class=\"elementor-toggle-item\">\n\t\t\t\t\t<div id=\"elementor-tab-title-5594\" class=\"elementor-tab-title\" data-tab=\"4\" role=\"button\" aria-controls=\"elementor-tab-content-5594\" aria-expanded=\"false\">\n\t\t\t\t\t\t\t\t\t\t\t\t<span class=\"elementor-toggle-icon elementor-toggle-icon-left\" aria-hidden=\"true\">\n\t\t\t\t\t\t\t\t\t\t\t\t\t\t\t<span class=\"elementor-toggle-icon-closed\"><i class=\"fas fa-caret-right\"><\/i><\/span>\n\t\t\t\t\t\t\t\t<span class=\"elementor-toggle-icon-opened\"><i class=\"elementor-toggle-icon-opened fas fa-caret-up\"><\/i><\/span>\n\t\t\t\t\t\t\t\t\t\t\t\t\t<\/span>\n\t\t\t\t\t\t\t\t\t\t\t\t<a class=\"elementor-toggle-title\" tabindex=\"0\">Quand auront lieu les banquets et la \"semaine montoise\" ?<\/a>\n\t\t\t\t\t<\/div>\n\n\t\t\t\t\t<div id=\"elementor-tab-content-5594\" class=\"elementor-tab-content elementor-clearfix\" data-tab=\"4\" role=\"region\" aria-labelledby=\"elementor-tab-title-5594\"><p>Le banquet du 14 juillet aura lieu&#8230;le 14 juillet !<\/p>\n<p>Le banquet du 21 juillet aura lieu&#8230;le 21 juillet !<\/p>\n<p>La \u00ab\u00a0semaine montoise\u00a0\u00bb aura lieu du 8 au 15 ao\u00fbt. La date du banquet est \u00e0 d\u00e9terminer.<br \/>Tout le monde est bienvenu \u00e0 la \u00ab\u00a0semaine montoise\u00a0\u00bb dont le nom \u00e9voque les nombreuses animations propos\u00e9es par la section Peyresq de l&rsquo;AIMs, laquelle incite \u00e9galement ses membres \u00e0 venir cette semaine-l\u00e0 \u00e0 Peyresq :).<\/p><\/div>\n\t\t\t\t<\/div>\n\t\t\t\t\t\t\t\t<\/div>\n\t\t\t\t\t\t<\/div>\n\t\t\t\t<\/div>\n\t\t\t\t\t<\/div>\n\t\t<\/div>\n\t\t\t\t\t<\/div>\n\t\t<\/section>\n\t\t\t\t<\/div>\n\t\t","protected":false},"excerpt":{"rendered":"<p>Foire aux questions (FAQ) Comment utiliser le formulaire de r\u00e9servation ? Le formulaire de r\u00e9servation est assez intuitif et deux modes d&#8217;emploi sont \u00e0 votre disposition pour vous aider : un texte explicatif directement accessible \u00e0 droite du formulaire d&rsquo;inscription + le diagramme ci-dessous :). Tout va bien se passer [&hellip;]<\/p>\n","protected":false},"author":1459,"featured_media":0,"parent":1285,"menu_order":0,"comment_status":"closed","ping_status":"closed","template":"page-templates\/template-fullwidth.php","meta":{"footnotes":""},"class_list":["post-3058","page","type-page","status-publish","hentry"],"post_mailing_queue_ids":[],"_links":{"self":[{"href":"https:\/\/propeyresq.be\/index.php?rest_route=\/wp\/v2\/pages\/3058","targetHints":{"allow":["GET"]}}],"collection":[{"href":"https:\/\/propeyresq.be\/index.php?rest_route=\/wp\/v2\/pages"}],"about":[{"href":"https:\/\/propeyresq.be\/index.php?rest_route=\/wp\/v2\/types\/page"}],"author":[{"embeddable":true,"href":"https:\/\/propeyresq.be\/index.php?rest_route=\/wp\/v2\/users\/1459"}],"replies":[{"embeddable":true,"href":"https:\/\/propeyresq.be\/index.php?rest_route=%2Fwp%2Fv2%2Fcomments&post=3058"}],"version-history":[{"count":29,"href":"https:\/\/propeyresq.be\/index.php?rest_route=\/wp\/v2\/pages\/3058\/revisions"}],"predecessor-version":[{"id":3136,"href":"https:\/\/propeyresq.be\/index.php?rest_route=\/wp\/v2\/pages\/3058\/revisions\/3136"}],"up":[{"embeddable":true,"href":"https:\/\/propeyresq.be\/index.php?rest_route=\/wp\/v2\/pages\/1285"}],"wp:attachment":[{"href":"https:\/\/propeyresq.be\/index.php?rest_route=%2Fwp%2Fv2%2Fmedia&parent=3058"}],"curies":[{"name":"wp","href":"https:\/\/api.w.org\/{rel}","templated":true}]}}