{"id":29,"date":"2008-03-16T20:57:44","date_gmt":"2008-03-16T19:57:44","guid":{"rendered":"http:\/\/www.propeyresq.be\/?page_id=29"},"modified":"2022-03-28T20:58:44","modified_gmt":"2022-03-28T18:58:44","slug":"histoire_part3","status":"publish","type":"page","link":"https:\/\/propeyresq.be\/?page_id=29","title":{"rendered":"La renaissance et la reconstruction de Peyresq (1952-1980)"},"content":{"rendered":"<p>Les guerres et l&rsquo;exode rural vers une C\u00f4te d&rsquo;Azur en d\u00e9veloppement vid\u00e8rent inexorablement les villages des hautes vall\u00e9es o\u00f9 depuis tant de si\u00e8cles des familles r\u00e9sign\u00e9es avaient perp\u00e9tu\u00e9 une civilisation agropastorale solidaire. Les maisons abandonn\u00e9es \u00e9taient de plus en plus menac\u00e9es, le poids de la neige \u00e9croulant les toitures, le gel d\u00e9chaussant les murs.<\/p>\n<p>C&rsquo;est ainsi qu&rsquo;en 1952, apr\u00e8s avoir parcouru les 4 km de la route sinueuse qui ne m\u00e8ne que l\u00e0, <strong>Georges Lambeau<\/strong>, architecte, d\u00e9couvrit Peyresq encore habit\u00e9 par le maire et sa petite famille, quelques moutons, autant de ch\u00e8vres, des murs l\u00e9zard\u00e9s et de nombreux toits effondr\u00e9s. D\u00e9peupl\u00e9 mais non abandonn\u00e9.<\/p>\n<p>Il \u00e9tait directeur de l&rsquo;Acad\u00e9mie des Beaux-Arts de Namur et cherchait un mas pour ressourcer p\u00e9riodiquement ses \u00e9tudiants. Il tomba sous le charme de ce village perdu dont le bois de m\u00e9l\u00e8ze des rares toits rest\u00e9s intacts et les murs de pierre rude se confondaient avec la roche grise d&rsquo;o\u00f9 ils \u00e9taient issus. Parmi la cinquantaine de b\u00e2tisses que connu le village, seules quelques-unes tenaient encore fragilement debout.<\/p>\n<p>S&rsquo;il est imm\u00e9diatement s\u00e9duit par ce site \u00e0 l&rsquo;agonie, Georges se sent aussi comme investi d&rsquo;une mission : ne pas laisser mourir Peyresq. Mais ce projet d\u00e9passe ses moyens. Aussi, d\u00e8s son retour en Belgique, il fait part de son entreprise naissante \u00e0 un ami bruxellois, <strong>Toine Smets<\/strong>, \u00e9pris d&rsquo;humanisme et de rencontres internationales, dont il conna\u00eet les attaches avec l&rsquo;ensemble du monde universitaire. D&#8217;embl\u00e9e, c&rsquo;est l&rsquo;enthousiasme.<\/p>\n<p>Tous deux d\u00e9cid\u00e8rent d&rsquo;unir leurs efforts tant financiers que techniques, pour reconstruire Peyresq, dans le but d&rsquo;y r\u00e9unir des \u00e9tudiants, artistes et scientifiques, en un foyer d&rsquo;humanisme rayonnant.<\/p>\n<p>Au printemps suivant, la visite de Peyresq fut d\u00e9cid\u00e9e. Georges, accompagn\u00e9 de Toine et sa femme <strong>Mady Smets-Hennekine<\/strong>, sont accueillis sur la place par le Maire Joseph Imbert. Cette visite conforte l&rsquo;id\u00e9e de d\u00e9part de reconstruire ce village et d&rsquo;en faire un lieu de rencontres humanistes internationales. D\u00e8s juillet 1953, une petite \u00e9quipe de l&rsquo;Acad\u00e9mie de Namur arriva \u00e0 Peyresq dans une camionnette bien remplie et entreprit courageusement de d\u00e9blayer le sol d&rsquo;une des maisons encore debout, mais couverte par le souvenir du passage de milliers de moutons.<\/p>\n<p>En 1954, la camionnette d&rsquo;<strong>Elise Lambeau<\/strong> embarqua un voyageur sur la route de Digne, <strong>Pierre Lamby<\/strong>, jeune architecte et l&#8217;emporta jusqu&rsquo;\u00e0 Peyresq. Pierre embrassa le projet et devint l&rsquo;architecte de la renaissance du village, appuy\u00e9 par un jeune entrepreneur local, <strong>Ren\u00e9 Simon<\/strong>. L&rsquo;architecte guida la reconstruction en respectant les principes et les mat\u00e9riaux de l&rsquo;architecture proven\u00e7ale, conservant ainsi l&rsquo;aspect originel du village.<\/p>\n<p>Pour encourager et r\u00e9aliser le projet, les pionniers, Georges et Toine, jug\u00e8rent n\u00e9cessaire de constituer une ASBL, d\u00e9nomm\u00e9e Pro-Peyresq, ayant pour t\u00e2che de guider la reconstruction du village afin de converger vers les objectifs fix\u00e9s. L&rsquo;acquisition des ruines et des maisons aux toits effondr\u00e9s apparut rapidement comme un imp\u00e9ratif urgent. Nos pionniers donn\u00e8rent le coup d&rsquo;envoi, en s&rsquo;entourant de nombreuses forces vives, notamment <strong>Jacques et Jacqueline Waefelaer<\/strong>.<\/p>\n<p>Le pr\u00e9sident Toine Smets fut un m\u00e9c\u00e8ne pers\u00e9v\u00e9rant. Il permit, entre autres, l&rsquo;achat des premi\u00e8res maisons, dont il fit don par la suite \u00e0 l&rsquo;Union des Anciens Etudiants de l&rsquo;Universit\u00e9 Libre de Bruxelles en \u00e9change de bourses de s\u00e9jour en faveur des \u00e9tudiants participant \u00e0 la reconstruction du village de Peyresq, ce qui contribua \u00e0 la r\u00e9ussite du projet.<\/p>\n<p>Nos deux pionniers furent rapidement suivis par les \u00e9tudiants dynamiques qui entra\u00een\u00e8rent leurs groupements : de l&rsquo;Universit\u00e9 Libre de Bruxelles d&rsquo;abord, de Gembloux, de la Facult\u00e9 Polytechnique de Mons, de Li\u00e8ge, et l&rsquo;Association des Tables Rondes. L&rsquo;Acad\u00e9mie de Bruxelles rejoignit les \u00e9tudiants de l&rsquo;Acad\u00e9mie de Namur, pr\u00e9sents d\u00e8s le d\u00e9part.<\/p>\n<p>Si bien que Peyresq trouva sa formule de survie, une f\u00e9d\u00e9ration de groupes. Chaque groupe \u00e9tant propri\u00e9taire de sa ruine, la relevait \u00e0 son rythme, \u00e0 condition de suivre les conseils avis\u00e9s de l&rsquo;architecte et du ma\u00e7on.<\/p>\n<p>S&rsquo;il est difficile d&rsquo;imaginer aujourd&rsquo;hui cette reconstruction du village de Peyresq, outre Georges, Elise, Toine, Pierre, Ren\u00e9 et les \u00e9tudiants-b\u00e2tisseurs, il faut aussi rendre hommage \u00e0 toutes les bonnes\u00a0volont\u00e9s qui support\u00e8rent ce projet avec enthousiasme : secr\u00e9taires, tr\u00e9soriers, \u00e9conomes, chefs de chantier, animateurs, cuisiniers, administrateurs, ainsi que les autorit\u00e9s administratives communales, r\u00e9gionales, d\u00e9partementales\u2026 qui firent confiance aux b\u00e2tisseurs de Peyresq.<\/p>\n<p>C&rsquo;est bien la raison profonde qui, depuis 1954, a engendr\u00e9 la longue suite de petits et grands miracles qui permirent \u00e0 Peyresq de rena\u00eetre, de vivre et de rayonner.<\/p>\n<p>Aujourd&rsquo;hui, les peyrescans de souche, les b\u00e2tisseurs et chaque nouveau peyrescan forment la nouvelle communaut\u00e9 villageoise, revivifi\u00e9e par la civilisation des loisirs et la b\u00e9n\u00e9fique activit\u00e9 d&rsquo;une communaut\u00e9 universitaire belge.<\/p>\n","protected":false},"excerpt":{"rendered":"<p>Les guerres et l&rsquo;exode rural vers une C\u00f4te d&rsquo;Azur en d\u00e9veloppement vid\u00e8rent inexorablement les villages des hautes vall\u00e9es o\u00f9 depuis tant de si\u00e8cles des familles r\u00e9sign\u00e9es avaient perp\u00e9tu\u00e9 une civilisation agropastorale solidaire. Les maisons abandonn\u00e9es \u00e9taient de plus en plus menac\u00e9es, le poids de la neige \u00e9croulant les toitures, le [&hellip;]<\/p>\n","protected":false},"author":2,"featured_media":0,"parent":59,"menu_order":4,"comment_status":"closed","ping_status":"closed","template":"","meta":{"footnotes":""},"class_list":["post-29","page","type-page","status-publish","hentry"],"post_mailing_queue_ids":[],"_links":{"self":[{"href":"https:\/\/propeyresq.be\/index.php?rest_route=\/wp\/v2\/pages\/29","targetHints":{"allow":["GET"]}}],"collection":[{"href":"https:\/\/propeyresq.be\/index.php?rest_route=\/wp\/v2\/pages"}],"about":[{"href":"https:\/\/propeyresq.be\/index.php?rest_route=\/wp\/v2\/types\/page"}],"author":[{"embeddable":true,"href":"https:\/\/propeyresq.be\/index.php?rest_route=\/wp\/v2\/users\/2"}],"replies":[{"embeddable":true,"href":"https:\/\/propeyresq.be\/index.php?rest_route=%2Fwp%2Fv2%2Fcomments&post=29"}],"version-history":[{"count":2,"href":"https:\/\/propeyresq.be\/index.php?rest_route=\/wp\/v2\/pages\/29\/revisions"}],"predecessor-version":[{"id":1913,"href":"https:\/\/propeyresq.be\/index.php?rest_route=\/wp\/v2\/pages\/29\/revisions\/1913"}],"up":[{"embeddable":true,"href":"https:\/\/propeyresq.be\/index.php?rest_route=\/wp\/v2\/pages\/59"}],"wp:attachment":[{"href":"https:\/\/propeyresq.be\/index.php?rest_route=%2Fwp%2Fv2%2Fmedia&parent=29"}],"curies":[{"name":"wp","href":"https:\/\/api.w.org\/{rel}","templated":true}]}}