{"id":1978,"date":"2022-04-19T20:05:05","date_gmt":"2022-04-19T18:05:05","guid":{"rendered":"https:\/\/www.propeyresq.be\/?page_id=1978"},"modified":"2023-04-13T16:35:21","modified_gmt":"2023-04-13T14:35:21","slug":"principes","status":"publish","type":"page","link":"https:\/\/propeyresq.be\/?page_id=1978","title":{"rendered":"Principes de la vie communautaire peyrescane"},"content":{"rendered":"\t\t<div data-elementor-type=\"wp-page\" data-elementor-id=\"1978\" class=\"elementor elementor-1978\">\n\t\t\t\t\t\t<section class=\"elementor-section elementor-top-section elementor-element elementor-element-4cf67e5 elementor-section-boxed elementor-section-height-default elementor-section-height-default\" data-id=\"4cf67e5\" data-element_type=\"section\">\n\t\t\t\t\t\t<div class=\"elementor-container elementor-column-gap-default\">\n\t\t\t\t\t<div class=\"elementor-column elementor-col-100 elementor-top-column elementor-element elementor-element-ff0e974\" data-id=\"ff0e974\" data-element_type=\"column\">\n\t\t\t<div class=\"elementor-widget-wrap elementor-element-populated\">\n\t\t\t\t\t\t<div class=\"elementor-element elementor-element-85ffdf2 elementor-widget elementor-widget-heading\" data-id=\"85ffdf2\" data-element_type=\"widget\" data-widget_type=\"heading.default\">\n\t\t\t\t<div class=\"elementor-widget-container\">\n\t\t\t\t\t<h1 class=\"elementor-heading-title elementor-size-default\">Tou.te.s au village cet \u00e9t\u00e9?<\/h1>\t\t\t\t<\/div>\n\t\t\t\t<\/div>\n\t\t\t\t\t<\/div>\n\t\t<\/div>\n\t\t\t\t\t<\/div>\n\t\t<\/section>\n\t\t\t\t<section class=\"elementor-section elementor-top-section elementor-element elementor-element-9b0508a elementor-section-boxed elementor-section-height-default elementor-section-height-default\" data-id=\"9b0508a\" data-element_type=\"section\">\n\t\t\t\t\t\t<div class=\"elementor-container elementor-column-gap-default\">\n\t\t\t\t\t<div class=\"elementor-column elementor-col-100 elementor-top-column elementor-element elementor-element-67476bf\" data-id=\"67476bf\" data-element_type=\"column\">\n\t\t\t<div class=\"elementor-widget-wrap elementor-element-populated\">\n\t\t\t\t\t\t<div class=\"elementor-element elementor-element-78f8b64 elementor-widget elementor-widget-spacer\" data-id=\"78f8b64\" data-element_type=\"widget\" data-widget_type=\"spacer.default\">\n\t\t\t\t<div class=\"elementor-widget-container\">\n\t\t\t\t\t\t\t<div class=\"elementor-spacer\">\n\t\t\t<div class=\"elementor-spacer-inner\"><\/div>\n\t\t<\/div>\n\t\t\t\t\t\t<\/div>\n\t\t\t\t<\/div>\n\t\t\t\t\t<\/div>\n\t\t<\/div>\n\t\t\t\t\t<\/div>\n\t\t<\/section>\n\t\t\t\t<section class=\"elementor-section elementor-top-section elementor-element elementor-element-037ee21 elementor-section-boxed elementor-section-height-default elementor-section-height-default\" data-id=\"037ee21\" data-element_type=\"section\">\n\t\t\t\t\t\t<div class=\"elementor-container elementor-column-gap-default\">\n\t\t\t\t\t<div class=\"elementor-column elementor-col-100 elementor-top-column elementor-element elementor-element-62d48da\" data-id=\"62d48da\" data-element_type=\"column\">\n\t\t\t<div class=\"elementor-widget-wrap elementor-element-populated\">\n\t\t\t\t\t\t<div class=\"elementor-element elementor-element-135f4c4 elementor-widget elementor-widget-text-editor\" data-id=\"135f4c4\" data-element_type=\"widget\" data-widget_type=\"text-editor.default\">\n\t\t\t\t<div class=\"elementor-widget-container\">\n\t\t\t\t\t\t\t\t\t<p style=\"text-align: left;\">En tant que membres de l&rsquo;asbl Pro Peyresq, accordons-nous sur ces quelques principes&#8230;<\/p><p style=\"text-align: right;\">&#8230;Et appliquons-les tout au long de la saison!<\/p>\t\t\t\t\t\t\t\t<\/div>\n\t\t\t\t<\/div>\n\t\t\t\t\t<\/div>\n\t\t<\/div>\n\t\t\t\t\t<\/div>\n\t\t<\/section>\n\t\t\t\t<section class=\"elementor-section elementor-top-section elementor-element elementor-element-4541e23 elementor-section-boxed elementor-section-height-default elementor-section-height-default\" data-id=\"4541e23\" data-element_type=\"section\">\n\t\t\t\t\t\t<div class=\"elementor-container elementor-column-gap-default\">\n\t\t\t\t\t<div class=\"elementor-column elementor-col-100 elementor-top-column elementor-element elementor-element-e7a6b8f\" data-id=\"e7a6b8f\" data-element_type=\"column\">\n\t\t\t<div class=\"elementor-widget-wrap elementor-element-populated\">\n\t\t\t\t\t\t<div class=\"elementor-element elementor-element-594f33d elementor-widget elementor-widget-spacer\" data-id=\"594f33d\" data-element_type=\"widget\" data-widget_type=\"spacer.default\">\n\t\t\t\t<div class=\"elementor-widget-container\">\n\t\t\t\t\t\t\t<div class=\"elementor-spacer\">\n\t\t\t<div class=\"elementor-spacer-inner\"><\/div>\n\t\t<\/div>\n\t\t\t\t\t\t<\/div>\n\t\t\t\t<\/div>\n\t\t\t\t\t<\/div>\n\t\t<\/div>\n\t\t\t\t\t<\/div>\n\t\t<\/section>\n\t\t\t\t<section class=\"elementor-section elementor-top-section elementor-element elementor-element-5fe6e08 elementor-section-boxed elementor-section-height-default elementor-section-height-default\" data-id=\"5fe6e08\" data-element_type=\"section\">\n\t\t\t\t\t\t<div class=\"elementor-container elementor-column-gap-default\">\n\t\t\t\t\t<div class=\"elementor-column elementor-col-50 elementor-top-column elementor-element elementor-element-648a89e\" data-id=\"648a89e\" data-element_type=\"column\">\n\t\t\t<div class=\"elementor-widget-wrap elementor-element-populated\">\n\t\t\t\t\t\t<div class=\"elementor-element elementor-element-9e615ed elementor-invisible elementor-widget elementor-widget-image\" data-id=\"9e615ed\" data-element_type=\"widget\" data-settings=\"{&quot;_animation&quot;:&quot;zoomIn&quot;}\" data-widget_type=\"image.default\">\n\t\t\t\t<div class=\"elementor-widget-container\">\n\t\t\t\t\t\t\t\t\t\t\t\t\t\t\t<img fetchpriority=\"high\" decoding=\"async\" width=\"750\" height=\"1000\" src=\"https:\/\/propeyresq.be\/wp-content\/uploads\/2022\/04\/277671536_10158221909601603_2865716418338030011_n.jpg\" class=\"attachment-large size-large wp-image-1959\" alt=\"\" srcset=\"https:\/\/propeyresq.be\/wp-content\/uploads\/2022\/04\/277671536_10158221909601603_2865716418338030011_n.jpg 768w, https:\/\/propeyresq.be\/wp-content\/uploads\/2022\/04\/277671536_10158221909601603_2865716418338030011_n-225x300.jpg 225w\" sizes=\"(max-width: 750px) 100vw, 750px\" \/>\t\t\t\t\t\t\t\t\t\t\t\t\t\t\t<\/div>\n\t\t\t\t<\/div>\n\t\t\t\t\t<\/div>\n\t\t<\/div>\n\t\t\t\t<div class=\"elementor-column elementor-col-50 elementor-top-column elementor-element elementor-element-bf72586\" data-id=\"bf72586\" data-element_type=\"column\">\n\t\t\t<div class=\"elementor-widget-wrap elementor-element-populated\">\n\t\t\t\t\t\t<div class=\"elementor-element elementor-element-4198e77 elementor-widget elementor-widget-toggle\" data-id=\"4198e77\" data-element_type=\"widget\" data-widget_type=\"toggle.default\">\n\t\t\t\t<div class=\"elementor-widget-container\">\n\t\t\t\t\t\t\t<div class=\"elementor-toggle\">\n\t\t\t\t\t\t\t<div class=\"elementor-toggle-item\">\n\t\t\t\t\t<div id=\"elementor-tab-title-6871\" class=\"elementor-tab-title\" data-tab=\"1\" role=\"button\" aria-controls=\"elementor-tab-content-6871\" aria-expanded=\"false\">\n\t\t\t\t\t\t\t\t\t\t\t\t<span class=\"elementor-toggle-icon elementor-toggle-icon-left\" aria-hidden=\"true\">\n\t\t\t\t\t\t\t\t\t\t\t\t\t\t\t<span class=\"elementor-toggle-icon-closed\"><i class=\"fas fa-caret-right\"><\/i><\/span>\n\t\t\t\t\t\t\t\t<span class=\"elementor-toggle-icon-opened\"><i class=\"elementor-toggle-icon-opened fas fa-caret-up\"><\/i><\/span>\n\t\t\t\t\t\t\t\t\t\t\t\t\t<\/span>\n\t\t\t\t\t\t\t\t\t\t\t\t<a class=\"elementor-toggle-title\" tabindex=\"0\">Comme moi, les b\u00e9n\u00e9voles sont des Peyrescans en vacances!<\/a>\n\t\t\t\t\t<\/div>\n\n\t\t\t\t\t<div id=\"elementor-tab-content-6871\" class=\"elementor-tab-content elementor-clearfix\" data-tab=\"1\" role=\"region\" aria-labelledby=\"elementor-tab-title-6871\"><p><span>Anim&rsquo;, resto, bar, biblio &#8230; <\/span><\/p><p><span style=\"color: #993366;\"><span style=\"caret-color: #993366;\"><b>Comme moi, les b\u00e9n\u00e9voles sont des Peyrescans en vacances!<\/b><\/span><\/span><\/p><p><span>J\u2019y pense <\/span><\/p><\/div>\n\t\t\t\t<\/div>\n\t\t\t\t\t\t\t<div class=\"elementor-toggle-item\">\n\t\t\t\t\t<div id=\"elementor-tab-title-6872\" class=\"elementor-tab-title\" data-tab=\"2\" role=\"button\" aria-controls=\"elementor-tab-content-6872\" aria-expanded=\"false\">\n\t\t\t\t\t\t\t\t\t\t\t\t<span class=\"elementor-toggle-icon elementor-toggle-icon-left\" aria-hidden=\"true\">\n\t\t\t\t\t\t\t\t\t\t\t\t\t\t\t<span class=\"elementor-toggle-icon-closed\"><i class=\"fas fa-caret-right\"><\/i><\/span>\n\t\t\t\t\t\t\t\t<span class=\"elementor-toggle-icon-opened\"><i class=\"elementor-toggle-icon-opened fas fa-caret-up\"><\/i><\/span>\n\t\t\t\t\t\t\t\t\t\t\t\t\t<\/span>\n\t\t\t\t\t\t\t\t\t\t\t\t<a class=\"elementor-toggle-title\" tabindex=\"0\">J\u2019arrive \u00e0 l\u2019heure aux repas<\/a>\n\t\t\t\t\t<\/div>\n\n\t\t\t\t\t<div id=\"elementor-tab-content-6872\" class=\"elementor-tab-content elementor-clearfix\" data-tab=\"2\" role=\"region\" aria-labelledby=\"elementor-tab-title-6872\"><p><span>C\u2019est meilleur chaud que froid<\/span><\/p><p><strong><span style=\"color: #993366;\">J\u2019arrive \u00e0 l\u2019heure aux repas<\/span><\/strong><\/p><p><span>Et je pr\u00e9viens si je n\u2019y serai pas<\/span><\/p><\/div>\n\t\t\t\t<\/div>\n\t\t\t\t\t\t\t<div class=\"elementor-toggle-item\">\n\t\t\t\t\t<div id=\"elementor-tab-title-6873\" class=\"elementor-tab-title\" data-tab=\"3\" role=\"button\" aria-controls=\"elementor-tab-content-6873\" aria-expanded=\"false\">\n\t\t\t\t\t\t\t\t\t\t\t\t<span class=\"elementor-toggle-icon elementor-toggle-icon-left\" aria-hidden=\"true\">\n\t\t\t\t\t\t\t\t\t\t\t\t\t\t\t<span class=\"elementor-toggle-icon-closed\"><i class=\"fas fa-caret-right\"><\/i><\/span>\n\t\t\t\t\t\t\t\t<span class=\"elementor-toggle-icon-opened\"><i class=\"elementor-toggle-icon-opened fas fa-caret-up\"><\/i><\/span>\n\t\t\t\t\t\t\t\t\t\t\t\t\t<\/span>\n\t\t\t\t\t\t\t\t\t\t\t\t<a class=\"elementor-toggle-title\" tabindex=\"0\">Je contribue \u00e0 la propret\u00e9 et l'entretien<\/a>\n\t\t\t\t\t<\/div>\n\n\t\t\t\t\t<div id=\"elementor-tab-content-6873\" class=\"elementor-tab-content elementor-clearfix\" data-tab=\"3\" role=\"region\" aria-labelledby=\"elementor-tab-title-6873\"><p><span>Pour profiter d\u2019un beau village au quotidien<\/span><\/p><p><strong><span style=\"color: #993366;\">Je contribue \u00e0 la propret\u00e9 et l&rsquo;entretien<\/span><\/strong><\/p><p><span>Surtout dans les espaces communs<\/span><\/p><\/div>\n\t\t\t\t<\/div>\n\t\t\t\t\t\t\t<div class=\"elementor-toggle-item\">\n\t\t\t\t\t<div id=\"elementor-tab-title-6874\" class=\"elementor-tab-title\" data-tab=\"4\" role=\"button\" aria-controls=\"elementor-tab-content-6874\" aria-expanded=\"false\">\n\t\t\t\t\t\t\t\t\t\t\t\t<span class=\"elementor-toggle-icon elementor-toggle-icon-left\" aria-hidden=\"true\">\n\t\t\t\t\t\t\t\t\t\t\t\t\t\t\t<span class=\"elementor-toggle-icon-closed\"><i class=\"fas fa-caret-right\"><\/i><\/span>\n\t\t\t\t\t\t\t\t<span class=\"elementor-toggle-icon-opened\"><i class=\"elementor-toggle-icon-opened fas fa-caret-up\"><\/i><\/span>\n\t\t\t\t\t\t\t\t\t\t\t\t\t<\/span>\n\t\t\t\t\t\t\t\t\t\t\t\t<a class=\"elementor-toggle-title\" tabindex=\"0\">Des voisins je respecte le sommeil<\/a>\n\t\t\t\t\t<\/div>\n\n\t\t\t\t\t<div id=\"elementor-tab-content-6874\" class=\"elementor-tab-content elementor-clearfix\" data-tab=\"4\" role=\"region\" aria-labelledby=\"elementor-tab-title-6874\"><p><span>De la tomb\u00e9e du jour jusqu&rsquo;au r\u00e9veil<\/span><\/p><p><strong><span style=\"color: #993366;\">Des voisins je\u00a0<span style=\"caret-color: #993366;\">respecte<\/span>\u00a0le sommeil<\/span><\/strong><\/p><p><span>M\u00eame apr\u00e8s quelques soleils<\/span><\/p><\/div>\n\t\t\t\t<\/div>\n\t\t\t\t\t\t\t\t<\/div>\n\t\t\t\t\t\t<\/div>\n\t\t\t\t<\/div>\n\t\t\t\t\t<\/div>\n\t\t<\/div>\n\t\t\t\t\t<\/div>\n\t\t<\/section>\n\t\t\t\t<section class=\"elementor-section elementor-top-section elementor-element elementor-element-3a20074 elementor-section-boxed elementor-section-height-default elementor-section-height-default\" data-id=\"3a20074\" data-element_type=\"section\">\n\t\t\t\t\t\t<div class=\"elementor-container elementor-column-gap-default\">\n\t\t\t\t\t<div class=\"elementor-column elementor-col-100 elementor-top-column elementor-element elementor-element-41f7901\" data-id=\"41f7901\" data-element_type=\"column\">\n\t\t\t<div class=\"elementor-widget-wrap elementor-element-populated\">\n\t\t\t\t\t\t<div class=\"elementor-element elementor-element-23ebaa5 elementor-widget elementor-widget-text-editor\" data-id=\"23ebaa5\" data-element_type=\"widget\" data-widget_type=\"text-editor.default\">\n\t\t\t\t<div class=\"elementor-widget-container\">\n\t\t\t\t\t\t\t\t\t<p style=\"font-weight: 400;\"><span>En accord avec le but de l\u2019association, son esprit de partage d\u2019exp\u00e9riences et de rencontres humaines, les membres participent volontairement au projet de Pro Peyresq.<\/span><\/p><p style=\"font-weight: 400;\"><span>Nous vous invitons, <u>pour chaque membre<\/u> majeur li\u00e9 \u00e0 votre inscription, \u00e0 indiquer dans le champ activit\u00e9s, la ou les cat\u00e9gories dans lesquelles vous souhaitez vous investir quelques heures lors de votre s\u00e9jour (*)\u00a0:<\/span><\/p><ul><li><strong><span>SUPPORT LOGISTIQUE<\/span><\/strong><span> <em>&#8211; Ex\u00a0: faire des courses pour le bar\u00a0; amener les tables sur la place pour un banquet\u00a0; remplacer une \u00ab\u00a0corv\u00e9e\u00a0\u00bb\u00a0manquante ; etc.<\/em><\/span><\/li><li><strong><span>ACTIVIT\u00c9S &amp; ANIMATIONS<\/span><\/strong> <em>&#8211; <\/em><em><span>Ex\u00a0: organiser une balade\u00a0; faire une initiation artistique\u00a0; donner une conf\u00e9rence\u00a0; etc.<\/span><\/em><\/li><li><strong><span>ENTRETIEN &amp; CHANTIER<\/span><\/strong><span><em>&#8211; Ex\u00a0: r\u00e9parer un meuble\u00a0; nettoyer la place du village ; peindre un mur\u00a0; etc.<\/em><\/span><\/li><\/ul><p style=\"font-weight: 400;\"><span>Tout renseignement compl\u00e9mentaire est le bienvenu\u00a0: comp\u00e9tences particuli\u00e8res, propositions,\u2026<\/span><\/p><p style=\"font-weight: 400;\"><span>Les comit\u00e9s et chefs de centre prendront connaissance de vos souhaits et pourront vous solliciter pendant ou avant votre s\u00e9jour \u00e0 participer activement \u00e0 la vie peyrescane.<\/span><\/p><p style=\"font-weight: 400;\"><span>(*) Ces quelques heures b\u00e9n\u00e9voles ne donnent pas droit \u00e0 une ristourne au pair du prix du s\u00e9jour et n\u2019exempte pas du service hebdomadaire au restaurant.<\/span><\/p>\t\t\t\t\t\t\t\t<\/div>\n\t\t\t\t<\/div>\n\t\t\t\t\t<\/div>\n\t\t<\/div>\n\t\t\t\t\t<\/div>\n\t\t<\/section>\n\t\t\t\t<\/div>\n\t\t","protected":false},"excerpt":{"rendered":"<p>Tou.te.s au village cet \u00e9t\u00e9? En tant que membres de l&rsquo;asbl Pro Peyresq, accordons-nous sur ces quelques principes&#8230; &#8230;Et appliquons-les tout au long de la saison! Comme moi, les b\u00e9n\u00e9voles sont des Peyrescans en vacances! Anim&rsquo;, resto, bar, biblio &#8230; Comme moi, les b\u00e9n\u00e9voles sont des Peyrescans en vacances! J\u2019y [&hellip;]<\/p>\n","protected":false},"author":2,"featured_media":0,"parent":1062,"menu_order":1,"comment_status":"closed","ping_status":"closed","template":"page-templates\/template-fullwidth.php","meta":{"footnotes":""},"class_list":["post-1978","page","type-page","status-publish","hentry"],"post_mailing_queue_ids":[],"_links":{"self":[{"href":"https:\/\/propeyresq.be\/index.php?rest_route=\/wp\/v2\/pages\/1978","targetHints":{"allow":["GET"]}}],"collection":[{"href":"https:\/\/propeyresq.be\/index.php?rest_route=\/wp\/v2\/pages"}],"about":[{"href":"https:\/\/propeyresq.be\/index.php?rest_route=\/wp\/v2\/types\/page"}],"author":[{"embeddable":true,"href":"https:\/\/propeyresq.be\/index.php?rest_route=\/wp\/v2\/users\/2"}],"replies":[{"embeddable":true,"href":"https:\/\/propeyresq.be\/index.php?rest_route=%2Fwp%2Fv2%2Fcomments&post=1978"}],"version-history":[{"count":26,"href":"https:\/\/propeyresq.be\/index.php?rest_route=\/wp\/v2\/pages\/1978\/revisions"}],"predecessor-version":[{"id":2338,"href":"https:\/\/propeyresq.be\/index.php?rest_route=\/wp\/v2\/pages\/1978\/revisions\/2338"}],"up":[{"embeddable":true,"href":"https:\/\/propeyresq.be\/index.php?rest_route=\/wp\/v2\/pages\/1062"}],"wp:attachment":[{"href":"https:\/\/propeyresq.be\/index.php?rest_route=%2Fwp%2Fv2%2Fmedia&parent=1978"}],"curies":[{"name":"wp","href":"https:\/\/api.w.org\/{rel}","templated":true}]}}