{"id":1858,"date":"2022-03-28T18:18:37","date_gmt":"2022-03-28T16:18:37","guid":{"rendered":"http:\/\/wptest.propeyresq.be\/?page_id=1858"},"modified":"2022-03-28T18:29:51","modified_gmt":"2022-03-28T16:29:51","slug":"elementor-1858","status":"publish","type":"page","link":"https:\/\/propeyresq.be\/?page_id=1858","title":{"rendered":"Notre projet"},"content":{"rendered":"\t\t<div data-elementor-type=\"wp-page\" data-elementor-id=\"1858\" class=\"elementor elementor-1858\">\n\t\t\t\t\t\t<section class=\"elementor-section elementor-top-section elementor-element elementor-element-4243a9a elementor-section-boxed elementor-section-height-default elementor-section-height-default\" data-id=\"4243a9a\" data-element_type=\"section\">\n\t\t\t\t\t\t<div class=\"elementor-container elementor-column-gap-default\">\n\t\t\t\t\t<div class=\"elementor-column elementor-col-100 elementor-top-column elementor-element elementor-element-f1ee4fe\" data-id=\"f1ee4fe\" data-element_type=\"column\">\n\t\t\t<div class=\"elementor-widget-wrap elementor-element-populated\">\n\t\t\t\t\t\t<div class=\"elementor-element elementor-element-7d38545 elementor-widget elementor-widget-heading\" data-id=\"7d38545\" data-element_type=\"widget\" data-widget_type=\"heading.default\">\n\t\t\t\t<div class=\"elementor-widget-container\">\n\t\t\t\t\t<h1 class=\"elementor-heading-title elementor-size-default\">Le Projet de notre association<\/h1>\t\t\t\t<\/div>\n\t\t\t\t<\/div>\n\t\t\t\t\t<\/div>\n\t\t<\/div>\n\t\t\t\t\t<\/div>\n\t\t<\/section>\n\t\t\t\t<section class=\"elementor-section elementor-top-section elementor-element elementor-element-94a501a elementor-section-boxed elementor-section-height-default elementor-section-height-default\" data-id=\"94a501a\" data-element_type=\"section\">\n\t\t\t\t\t\t<div class=\"elementor-container elementor-column-gap-default\">\n\t\t\t\t\t<div class=\"elementor-column elementor-col-100 elementor-top-column elementor-element elementor-element-63050ad\" data-id=\"63050ad\" data-element_type=\"column\">\n\t\t\t<div class=\"elementor-widget-wrap elementor-element-populated\">\n\t\t\t\t\t\t<div class=\"elementor-element elementor-element-deb6623 elementor-widget elementor-widget-testimonial\" data-id=\"deb6623\" data-element_type=\"widget\" data-widget_type=\"testimonial.default\">\n\t\t\t\t<div class=\"elementor-widget-container\">\n\t\t\t\t\t\t\t<div class=\"elementor-testimonial-wrapper\">\n\t\t\t\t\t\t\t<div class=\"elementor-testimonial-content\">Si vous voulez que les hommes s\u2019entendent, faites les b\u00e2tir ensemble<\/div>\n\t\t\t\n\t\t\t\t\t\t<div class=\"elementor-testimonial-meta elementor-has-image elementor-testimonial-image-position-aside\">\n\t\t\t\t<div class=\"elementor-testimonial-meta-inner\">\n\t\t\t\t\t\t\t\t\t\t\t<div class=\"elementor-testimonial-image\">\n\t\t\t\t\t\t\t<img fetchpriority=\"high\" decoding=\"async\" width=\"704\" height=\"396\" src=\"https:\/\/propeyresq.be\/wp-content\/uploads\/2022\/03\/XVMc9ecdd38-41f6-11ea-ae4e-d44e99fdb0af.jpg.webp\" class=\"attachment-full size-full wp-image-1860\" alt=\"\" srcset=\"https:\/\/propeyresq.be\/wp-content\/uploads\/2022\/03\/XVMc9ecdd38-41f6-11ea-ae4e-d44e99fdb0af.jpg.webp 704w, https:\/\/propeyresq.be\/wp-content\/uploads\/2022\/03\/XVMc9ecdd38-41f6-11ea-ae4e-d44e99fdb0af.jpg-300x169.webp 300w\" sizes=\"(max-width: 704px) 100vw, 704px\" \/>\t\t\t\t\t\t<\/div>\n\t\t\t\t\t\n\t\t\t\t\t\t\t\t\t\t<div class=\"elementor-testimonial-details\">\n\t\t\t\t\t\t\t\t\t\t\t\t\t\t<div class=\"elementor-testimonial-name\">Antoine de Saint-Exup\u00e9ry<\/div>\n\t\t\t\t\t\t\t\t\t\t\t\t\t\t\t\t\t\t\t<\/div>\n\t\t\t\t\t\t\t\t\t<\/div>\n\t\t\t<\/div>\n\t\t\t\t\t<\/div>\n\t\t\t\t\t\t<\/div>\n\t\t\t\t<\/div>\n\t\t\t\t<div class=\"elementor-element elementor-element-aabca93 elementor-widget elementor-widget-text-editor\" data-id=\"aabca93\" data-element_type=\"widget\" data-widget_type=\"text-editor.default\">\n\t\t\t\t<div class=\"elementor-widget-container\">\n\t\t\t\t\t\t\t\t\t<p>D\u00e8s sa constitution, le projet de PRO PEYRESQ a \u00e9t\u00e9 de rassembler des hommes et des femmes autour d\u2019une \u0153uvre et d\u2019un labeur communs, sans distinction sociale, politique ou philosophique. Son but est encore aujourd\u2019hui la promotion de tous <span>mouvements scientifiques, artistiques, culturels, sociaux, ou sportifs dans le cadre unique du village<\/span>. La r\u00e9alisation de son objet a depuis les premiers statuts, toujours voulu favoriser les contacts entre \u00e9tudiants, anciens \u00e9tudiants et personnes de toutes disciplines.<\/p><p><\/p><p>Durant 25 ans, l\u2019association a essentiellement concr\u00e9tis\u00e9 ce projet par la sauvegarde du b\u00e2ti et s\u2019est principalement attel\u00e9e \u00e0 remonter les ruines, \u00e0 am\u00e9nager les maisons et \u00e0 offrir \u00e0 Peyresq son visage actuel. Ce travail se voulait avant tout \u00e0 destination de la jeunesse de diverses \u00e9coles et universit\u00e9s belges. Des milliers d\u2019\u00e9tudiants ont ainsi pu vivre durant cette \u00ab\u00a0p\u00e9riode h\u00e9ro\u00efque\u00a0\u00bb le travail op\u00e9ratif, aid\u00e9s et guid\u00e9s par quelques ma\u00e7ons professionnels.<\/p><p><\/p><p>\u00c0 c\u00f4t\u00e9 de reb\u00e2tir et pr\u00e9server un patrimoine de toute beaut\u00e9, la philosophie du projet fut donc tout autant de former les esprits \u00e0 l\u2019int\u00e9r\u00eat humain de construire ensemble, \u00e0 l\u2019enseignement moral et social de la solidarit\u00e9 ainsi qu\u2019\u00e0 l\u2019amiti\u00e9 conviviale et chaleureuse de la communaut\u00e9.<\/p><p><\/p><p>Pour que cet objectif soit un succ\u00e8s, la vocation premi\u00e8re de PRO PEYRESQ a toujours \u00e9t\u00e9 de rassembler autour de son id\u00e9al d\u2019autres associations partageant les m\u00eames valeurs, cercles estudiantins surtout, mais aussi groupements solidaires ou philanthropiques. PRO PEYRESQ se veut d\u00e8s lors f\u00e9d\u00e9ratrice d\u2019associations acceptant un but commun.<\/p><p><\/p><p>Ses efforts lui permirent ainsi d\u2019acqu\u00e9rir au fil du temps des maisons ou des ruines aux fins de les redistribuer au prix d\u2019achat ou gratuitement aux associations partenaires du projet, tout en garantissant la p\u00e9rennit\u00e9 de celui-ci en pr\u00e9voyant dans cette cession des clauses d\u2019adh\u00e9sion \u00e0 l\u2019objet social de l\u2019A.S.B.L., des r\u00e8gles urbanistiques \u00e0 respecter ou encore des droits de pr\u00e9emption pour \u00e9viter la revente des biens \u00e0 des tiers qui auraient des valeurs \u00e9loign\u00e9es de PRO PEYRESQ.<\/p><p><\/p><p>Les premiers dons de maisons aux associations partenaires furent \u00e9galement octroy\u00e9s en \u00e9change de bourses de s\u00e9jours en faveur des \u00e9tudiants participant au chantier. Le travail volontaire dans le ciment, les bardeaux et la pierre, au rythme militaire et d\u00e8s l\u2019aube, n\u2019exemptait en effet pas ces jeunes de payer leur s\u00e9jour.<\/p><p><\/p><p>Gr\u00e2ce \u00e0 l\u2019\u0153uvre opini\u00e2tre et convaincue des administrateurs de PRO PEYRESQ, la reconstruction et la r\u00e9habilitation des maisons fut ainsi confi\u00e9e \u00e0 partir des ann\u00e9es 1960 aux cercles estudiantins et aux groupements associ\u00e9s, qui en sont devenus les propri\u00e9taires actuels. Par cette transmission et leur adh\u00e9sion au projet, ils sont aussi devenus les garants des principes et de l\u2019id\u00e9al de PRO PEYRESQ.<\/p><p><\/p><p>Pour rappeler les valeurs de l\u2019entreprise f\u00e9d\u00e9ratrice de PRO PEYRESQ, chaque groupement choisit pour sa maison le nom d\u2019un.e scientifique, artiste, philosophe, philanthrope ou autre personnalit\u00e9 ayant contribu\u00e9 au progr\u00e8s de l\u2019humanit\u00e9.<\/p><p><\/p><p>En 1994, alors que le village \u00e9tait relev\u00e9 depuis d\u00e9j\u00e0 une quinzaine d\u2019ann\u00e9es, une divergence sur le devenir de l\u2019association vit quelques maisons sortir de l\u2019A.S.B.L. et se regrouper sous la d\u00e9nomination \u00ab\u00a0PEYRESQ FOYER D\u2019HUMANISME\u00a0\u00bb. Elles d\u00e9siraient par cet essaimage s\u2019orienter davantage vers une structure d\u2019organisation pour s\u00e9minaires acad\u00e9miques et colloques \u00e0 vocation internationale. De son c\u00f4t\u00e9, PRO PEYRESQ et la majeure partie des maisons associ\u00e9es souhaitaient garder les principes de centre de rencontres par des vacances actives, une gouvernance d\u00e9mocratique solidaire, et favoriser la participation de groupements \u00e9tudiants.<\/p><p><\/p><p>En r\u00e9alit\u00e9, cette dualit\u00e9 de conceptions du projet entre entreprise \u00ab\u00a0<em>humaniste\u00a0internationale \u00bb<\/em> et entreprise \u00ab\u00a0<em>humaine\u00a0solidaire \u00bb<\/em>, est pr\u00e9sente dans la volont\u00e9 des pionniers belges d\u00e8s le d\u00e9but de l\u2019aventure en 1954. Elle sera cependant plus marqu\u00e9e au sein du conseil d\u2019administration \u00e0 partir des ann\u00e9es 1980, et ce jusqu\u2019\u00e0 la s\u00e9paration des deux structures organisationnelles actuelles. Les ann\u00e9es passants, les deux associations se reconnaissent maintenant compl\u00e9mentaires dans leurs activit\u00e9s et leurs motivations. Elles entretiennent d\u00e9sormais de bonnes relations et collaborent \u00e0 certaines actions.<\/p><p><\/p><p>Si les activit\u00e9s de PRO PEYRESQ ont pu prendre au cours de son histoire, diverses formes dans la conception des uns et des autres sur les buts poursuivis de l\u2019A.S.B.L. depuis la fin des travaux de reconstruction, l\u2019esprit de partage et de rencontres, \u00e0 vivre par une exp\u00e9rience commune et dans un cadre unique, reste n\u00e9anmoins toujours la raison principale du succ\u00e8s de PRO PEYRESQ pour tous ses adh\u00e9rents.<\/p><p><\/p><p>Aujourd\u2019hui, afin de poursuivre cet id\u00e9al et de p\u00e9renniser son esprit, PRO PEYRESQ propose \u00e0 ses membres des s\u00e9jours, des animations et un centre communautaire. Elle propose \u00e9galement aux associations partenaires une convention d\u2019occupation de leurs maisons pour r\u00e9unir et h\u00e9berger ses membres durant la saison d\u2019activit\u00e9s.<\/p><p><\/p><p>La gestion collective de l\u2019A.S.B.L. et la vie au village, en amont comme sur place, sont quant \u00e0 elles essentiellement l\u2019\u0153uvre de b\u00e9n\u00e9voles. Enfin, durant son s\u00e9jour, chaque membre est invit\u00e9 \u00e0 participer au projet en proposant volontairement quelques heures de son temps, de ses comp\u00e9tences ou de son \u00e9nergie au b\u00e9n\u00e9fice de la communaut\u00e9 peyrescane.<\/p><p><\/p><p><\/p>\t\t\t\t\t\t\t\t<\/div>\n\t\t\t\t<\/div>\n\t\t\t\t<div class=\"elementor-element elementor-element-d69ea09 elementor-widget elementor-widget-testimonial\" data-id=\"d69ea09\" data-element_type=\"widget\" data-widget_type=\"testimonial.default\">\n\t\t\t\t<div class=\"elementor-widget-container\">\n\t\t\t\t\t\t\t<div class=\"elementor-testimonial-wrapper\">\n\t\t\t\t\t\t\t<div class=\"elementor-testimonial-content\">Ils ne sont pas n\u00e9s pour se ha\u00efr, mais pour se comprendre et pour s\u2019aimer<\/div>\n\t\t\t\n\t\t\t\t\t\t<div class=\"elementor-testimonial-meta elementor-has-image elementor-testimonial-image-position-aside\">\n\t\t\t\t<div class=\"elementor-testimonial-meta-inner\">\n\t\t\t\t\t\t\t\t\t\t\t<div class=\"elementor-testimonial-image\">\n\t\t\t\t\t\t\t<img decoding=\"async\" width=\"275\" height=\"345\" src=\"https:\/\/propeyresq.be\/wp-content\/uploads\/2022\/03\/sophocle.jpg\" class=\"attachment-full size-full wp-image-1861\" alt=\"\" srcset=\"https:\/\/propeyresq.be\/wp-content\/uploads\/2022\/03\/sophocle.jpg 275w, https:\/\/propeyresq.be\/wp-content\/uploads\/2022\/03\/sophocle-239x300.jpg 239w\" sizes=\"(max-width: 275px) 100vw, 275px\" \/>\t\t\t\t\t\t<\/div>\n\t\t\t\t\t\n\t\t\t\t\t\t\t\t\t\t<div class=\"elementor-testimonial-details\">\n\t\t\t\t\t\t\t\t\t\t\t\t\t\t<div class=\"elementor-testimonial-name\">Sophocle<\/div>\n\t\t\t\t\t\t\t\t\t\t\t\t\t\t\t\t\t\t\t<\/div>\n\t\t\t\t\t\t\t\t\t<\/div>\n\t\t\t<\/div>\n\t\t\t\t\t<\/div>\n\t\t\t\t\t\t<\/div>\n\t\t\t\t<\/div>\n\t\t\t\t\t<\/div>\n\t\t<\/div>\n\t\t\t\t\t<\/div>\n\t\t<\/section>\n\t\t\t\t<section class=\"elementor-section elementor-top-section elementor-element elementor-element-ef44eef elementor-section-boxed elementor-section-height-default elementor-section-height-default\" data-id=\"ef44eef\" data-element_type=\"section\">\n\t\t\t\t\t\t<div class=\"elementor-container elementor-column-gap-default\">\n\t\t\t\t\t<div class=\"elementor-column elementor-col-50 elementor-top-column elementor-element elementor-element-9cf1ca3\" data-id=\"9cf1ca3\" data-element_type=\"column\">\n\t\t\t<div class=\"elementor-widget-wrap\">\n\t\t\t\t\t\t\t<\/div>\n\t\t<\/div>\n\t\t\t\t<div class=\"elementor-column elementor-col-50 elementor-top-column elementor-element elementor-element-2f4a625\" data-id=\"2f4a625\" data-element_type=\"column\">\n\t\t\t<div class=\"elementor-widget-wrap\">\n\t\t\t\t\t\t\t<\/div>\n\t\t<\/div>\n\t\t\t\t\t<\/div>\n\t\t<\/section>\n\t\t\t\t<\/div>\n\t\t","protected":false},"excerpt":{"rendered":"<p>Le Projet de notre association Si vous voulez que les hommes s\u2019entendent, faites les b\u00e2tir ensemble Antoine de Saint-Exup\u00e9ry D\u00e8s sa constitution, le projet de PRO PEYRESQ a \u00e9t\u00e9 de rassembler des hommes et des femmes autour d\u2019une \u0153uvre et d\u2019un labeur communs, sans distinction sociale, politique ou philosophique. Son [&hellip;]<\/p>\n","protected":false},"author":2,"featured_media":0,"parent":636,"menu_order":2,"comment_status":"closed","ping_status":"closed","template":"page-templates\/template-fullwidth.php","meta":{"footnotes":""},"class_list":["post-1858","page","type-page","status-publish","hentry"],"post_mailing_queue_ids":[],"_links":{"self":[{"href":"https:\/\/propeyresq.be\/index.php?rest_route=\/wp\/v2\/pages\/1858","targetHints":{"allow":["GET"]}}],"collection":[{"href":"https:\/\/propeyresq.be\/index.php?rest_route=\/wp\/v2\/pages"}],"about":[{"href":"https:\/\/propeyresq.be\/index.php?rest_route=\/wp\/v2\/types\/page"}],"author":[{"embeddable":true,"href":"https:\/\/propeyresq.be\/index.php?rest_route=\/wp\/v2\/users\/2"}],"replies":[{"embeddable":true,"href":"https:\/\/propeyresq.be\/index.php?rest_route=%2Fwp%2Fv2%2Fcomments&post=1858"}],"version-history":[{"count":6,"href":"https:\/\/propeyresq.be\/index.php?rest_route=\/wp\/v2\/pages\/1858\/revisions"}],"predecessor-version":[{"id":1868,"href":"https:\/\/propeyresq.be\/index.php?rest_route=\/wp\/v2\/pages\/1858\/revisions\/1868"}],"up":[{"embeddable":true,"href":"https:\/\/propeyresq.be\/index.php?rest_route=\/wp\/v2\/pages\/636"}],"wp:attachment":[{"href":"https:\/\/propeyresq.be\/index.php?rest_route=%2Fwp%2Fv2%2Fmedia&parent=1858"}],"curies":[{"name":"wp","href":"https:\/\/api.w.org\/{rel}","templated":true}]}}