{"id":1742,"date":"2022-03-26T12:10:17","date_gmt":"2022-03-26T10:10:17","guid":{"rendered":"http:\/\/wptest.propeyresq.be\/?page_id=1742"},"modified":"2026-03-27T15:04:53","modified_gmt":"2026-03-27T13:04:53","slug":"elementor-1742","status":"publish","type":"page","link":"https:\/\/propeyresq.be\/?page_id=1742","title":{"rendered":"Peyresq, c&rsquo;est quoi?"},"content":{"rendered":"<style>\/*! elementor - v3.6.1 - 23-03-2022 *\/<br \/>\n.elementor-heading-title{padding:0;margin:0;line-height:1}.elementor-widget-heading .elementor-heading-title[class*=elementor-size-]>a{color:inherit;font-size:inherit;line-height:inherit}.elementor-widget-heading .elementor-heading-title.elementor-size-small{font-size:15px}.elementor-widget-heading .elementor-heading-title.elementor-size-medium{font-size:19px}.elementor-widget-heading .elementor-heading-title.elementor-size-large{font-size:29px}.elementor-widget-heading .elementor-heading-title.elementor-size-xl{font-size:39px}.elementor-widget-heading .elementor-heading-title.elementor-size-xxl{font-size:59px}<\/style>\n<h1>PEYRESQ, C\u2019EST QUOI ?<\/h1>\n<p>Peyresq est le nom francis\u00e9 d\u2019un village qui s\u2019\u00e9crivait \u00ab\u00a0Peiresc\u00a0\u00bb en proven\u00e7al et qui signifie \u00ab\u00a0pierreux\u00a0\u00bb. Il d\u00e9rive de l\u2019occitan m\u00e9di\u00e9val \u00ab\u00a0Peirets\u00a0\u00bb, lui-m\u00eame issu de \u00ab\u00a0Pe(t)riscum\u00a0\u00bb en latin. Il se situe dans les Alpes-de-Haute-Provence, perch\u00e9 \u00e0 1528 m\u00e8tres d\u2019altitude, surplombant la vall\u00e9e de la Va\u00efre, expos\u00e9 plein Sud en adret et \u00e0 hauteur de l\u2019interfluve du Var et du Verdon. Il se trouve \u00e0 mi-chemin de la route des Alpes m\u00e9ridionales reliant Digne \u00e0 Nice.<\/p>\n<p>Village de montagne, il b\u00e9n\u00e9ficie \u00e9galement de l\u2019influence m\u00e9diterran\u00e9enne. Il en r\u00e9sulte un climat aux contrastes saisissants au cours des saisons, un air pur toute l\u2019ann\u00e9e, une lumi\u00e8re magique, un soleil \u00e9clatant et une vo\u00fbte \u00e9toil\u00e9e exceptionnelle.<\/p>\n<p>Sa situation tout au bout d\u2019une petite route, son \u00e9dification en nid d\u2019aigle avec vue imprenable, son harmonie architecturale de maisons en pierres aux toits de bardeaux de m\u00e9l\u00e8ze, son absence de commerces et de circulation automobile, sa qui\u00e9tude rythm\u00e9e des sons de la nature, et son int\u00e9gration parfaite dans ce paysage rocheux \u00e0 la fois alpin et proven\u00e7al, en font un lieu au charme fou, hors du temps et sans sollicitations inutiles, o\u00f9 l\u2019on ne peut que vivre l\u2019essentiel.<\/p>\n<p>Cet environnement offre \u00e0 Peyresq une atmosph\u00e8re unique, propice au ressourcement personnel, et favorise les rencontres humaines, cr\u00e9ant chaque ann\u00e9e de nouvelles amiti\u00e9s, entre celles et ceux qui ont la chance d\u2019y s\u00e9journer.<\/p>\n<style>\/*! elementor - v3.6.1 - 23-03-2022 *\/<br \/>\n.elementor-widget-google_maps .elementor-widget-container{overflow:hidden}.elementor-widget-google_maps iframe{height:300px}<\/style>\n<p>\t\t\t<iframe frameborder=\"0\" scrolling=\"no\" marginheight=\"0\" marginwidth=\"0\"\n\t\t\t\t\tsrc=\"https:\/\/maps.google.com\/maps?q=Peyresq&#038;t=m&#038;z=9&#038;output=embed&#038;iwloc=near\"\n\t\t\t\t\ttitle=\"Peyresq\"\n\t\t\t\t\taria-label=\"Peyresq\"\n\t\t\t><\/iframe><\/p>\n","protected":false},"excerpt":{"rendered":"<p>PEYRESQ, C\u2019EST QUOI ? Peyresq est le nom francis\u00e9 d\u2019un village qui s\u2019\u00e9crivait \u00ab\u00a0Peiresc\u00a0\u00bb en proven\u00e7al et qui signifie \u00ab\u00a0pierreux\u00a0\u00bb. Il d\u00e9rive de l\u2019occitan m\u00e9di\u00e9val \u00ab\u00a0Peirets\u00a0\u00bb, lui-m\u00eame issu de \u00ab\u00a0Pe(t)riscum\u00a0\u00bb en latin. Il se situe dans les Alpes-de-Haute-Provence, perch\u00e9 \u00e0 1528 m\u00e8tres d\u2019altitude, surplombant la vall\u00e9e de la Va\u00efre, expos\u00e9 [&hellip;]<\/p>\n","protected":false},"author":2,"featured_media":0,"parent":1180,"menu_order":1,"comment_status":"closed","ping_status":"closed","template":"page-templates\/template-fullwidth.php","meta":{"footnotes":""},"class_list":["post-1742","page","type-page","status-publish","hentry"],"post_mailing_queue_ids":[],"_links":{"self":[{"href":"https:\/\/propeyresq.be\/index.php?rest_route=\/wp\/v2\/pages\/1742","targetHints":{"allow":["GET"]}}],"collection":[{"href":"https:\/\/propeyresq.be\/index.php?rest_route=\/wp\/v2\/pages"}],"about":[{"href":"https:\/\/propeyresq.be\/index.php?rest_route=\/wp\/v2\/types\/page"}],"author":[{"embeddable":true,"href":"https:\/\/propeyresq.be\/index.php?rest_route=\/wp\/v2\/users\/2"}],"replies":[{"embeddable":true,"href":"https:\/\/propeyresq.be\/index.php?rest_route=%2Fwp%2Fv2%2Fcomments&post=1742"}],"version-history":[{"count":9,"href":"https:\/\/propeyresq.be\/index.php?rest_route=\/wp\/v2\/pages\/1742\/revisions"}],"predecessor-version":[{"id":2465,"href":"https:\/\/propeyresq.be\/index.php?rest_route=\/wp\/v2\/pages\/1742\/revisions\/2465"}],"up":[{"embeddable":true,"href":"https:\/\/propeyresq.be\/index.php?rest_route=\/wp\/v2\/pages\/1180"}],"wp:attachment":[{"href":"https:\/\/propeyresq.be\/index.php?rest_route=%2Fwp%2Fv2%2Fmedia&parent=1742"}],"curies":[{"name":"wp","href":"https:\/\/api.w.org\/{rel}","templated":true}]}}