{"id":1484,"date":"2021-11-07T12:36:45","date_gmt":"2021-11-07T10:36:45","guid":{"rendered":"http:\/\/wptest.propeyresq.be\/?page_id=1484"},"modified":"2022-03-27T11:35:08","modified_gmt":"2022-03-27T09:35:08","slug":"les-marches-regionaux-et-produits-du-terroir","status":"publish","type":"page","link":"https:\/\/propeyresq.be\/?page_id=1484","title":{"rendered":"Les march\u00e9s r\u00e9gionaux et produits du terroir"},"content":{"rendered":"\t\t<div data-elementor-type=\"wp-page\" data-elementor-id=\"1484\" class=\"elementor elementor-1484\">\n\t\t\t\t\t\t<section class=\"elementor-section elementor-top-section elementor-element elementor-element-86276d4 elementor-section-boxed elementor-section-height-default elementor-section-height-default\" data-id=\"86276d4\" data-element_type=\"section\">\n\t\t\t\t\t\t<div class=\"elementor-container elementor-column-gap-default\">\n\t\t\t\t\t<div class=\"elementor-column elementor-col-100 elementor-top-column elementor-element elementor-element-8b41b96\" data-id=\"8b41b96\" data-element_type=\"column\">\n\t\t\t<div class=\"elementor-widget-wrap elementor-element-populated\">\n\t\t\t\t\t\t<div class=\"elementor-element elementor-element-a55ed95 elementor-widget elementor-widget-heading\" data-id=\"a55ed95\" data-element_type=\"widget\" data-widget_type=\"heading.default\">\n\t\t\t\t<div class=\"elementor-widget-container\">\n\t\t\t\t\t<h1 class=\"elementor-heading-title elementor-size-default\">Les march\u00e9s et produits du terroir<\/h1>\t\t\t\t<\/div>\n\t\t\t\t<\/div>\n\t\t\t\t\t<\/div>\n\t\t<\/div>\n\t\t\t\t\t<\/div>\n\t\t<\/section>\n\t\t\t\t<section class=\"elementor-section elementor-top-section elementor-element elementor-element-c834afc elementor-section-boxed elementor-section-height-default elementor-section-height-default\" data-id=\"c834afc\" data-element_type=\"section\">\n\t\t\t\t\t\t<div class=\"elementor-container elementor-column-gap-default\">\n\t\t\t\t\t<div class=\"elementor-column elementor-col-100 elementor-top-column elementor-element elementor-element-67fd401\" data-id=\"67fd401\" data-element_type=\"column\">\n\t\t\t<div class=\"elementor-widget-wrap\">\n\t\t\t\t\t\t\t<\/div>\n\t\t<\/div>\n\t\t\t\t\t<\/div>\n\t\t<\/section>\n\t\t\t\t<section class=\"elementor-section elementor-top-section elementor-element elementor-element-bbba130 elementor-section-boxed elementor-section-height-default elementor-section-height-default\" data-id=\"bbba130\" data-element_type=\"section\">\n\t\t\t\t\t\t<div class=\"elementor-container elementor-column-gap-default\">\n\t\t\t\t\t<div class=\"elementor-column elementor-col-33 elementor-top-column elementor-element elementor-element-81bdf0c\" data-id=\"81bdf0c\" data-element_type=\"column\">\n\t\t\t<div class=\"elementor-widget-wrap elementor-element-populated\">\n\t\t\t\t\t\t<div class=\"elementor-element elementor-element-34b41b4 elementor-position-top elementor-widget elementor-widget-image-box\" data-id=\"34b41b4\" data-element_type=\"widget\" data-widget_type=\"image-box.default\">\n\t\t\t\t<div class=\"elementor-widget-container\">\n\t\t\t\t\t<div class=\"elementor-image-box-wrapper\"><figure class=\"elementor-image-box-img\"><img fetchpriority=\"high\" decoding=\"async\" width=\"2560\" height=\"1920\" src=\"https:\/\/propeyresq.be\/wp-content\/uploads\/2021\/11\/IMG_0042-scaled.jpg\" class=\"attachment-full size-full wp-image-1579\" alt=\"\" srcset=\"https:\/\/propeyresq.be\/wp-content\/uploads\/2021\/11\/IMG_0042-scaled.jpg 2560w, https:\/\/propeyresq.be\/wp-content\/uploads\/2021\/11\/IMG_0042-300x225.jpg 300w, https:\/\/propeyresq.be\/wp-content\/uploads\/2021\/11\/IMG_0042-1024x768.jpg 1024w, https:\/\/propeyresq.be\/wp-content\/uploads\/2021\/11\/IMG_0042-768x576.jpg 768w, https:\/\/propeyresq.be\/wp-content\/uploads\/2021\/11\/IMG_0042-1536x1152.jpg 1536w, https:\/\/propeyresq.be\/wp-content\/uploads\/2021\/11\/IMG_0042-2048x1536.jpg 2048w\" sizes=\"(max-width: 2560px) 100vw, 2560px\" \/><\/figure><div class=\"elementor-image-box-content\"><h3 class=\"elementor-image-box-title\">Le march\u00e9 proven\u00e7al de Colmars les Alpes<\/h3><p class=\"elementor-image-box-description\">Le traditionnel march\u00e9 proven\u00e7al \u00e0 Colmars avec ses \u00e9tals color\u00e9s et ses saveurs et senteurs de la Provence. Primeurs, cochonnailles,fromages de pays, poissonnerie, v\u00eatements, d\u00e9coration, gourmandises !\n\n\u00e0 d\u00e9couvrir tous les mardis et vendredis matins de 8h00 \u00e0 12h30 du 15\/4 au 31\/10.\n<\/p><\/div><\/div>\t\t\t\t<\/div>\n\t\t\t\t<\/div>\n\t\t\t\t\t<\/div>\n\t\t<\/div>\n\t\t\t\t<div class=\"elementor-column elementor-col-33 elementor-top-column elementor-element elementor-element-c5d325f\" data-id=\"c5d325f\" data-element_type=\"column\">\n\t\t\t<div class=\"elementor-widget-wrap elementor-element-populated\">\n\t\t\t\t\t\t<div class=\"elementor-element elementor-element-7ba27a3 elementor-position-top elementor-widget elementor-widget-image-box\" data-id=\"7ba27a3\" data-element_type=\"widget\" data-widget_type=\"image-box.default\">\n\t\t\t\t<div class=\"elementor-widget-container\">\n\t\t\t\t\t<div class=\"elementor-image-box-wrapper\"><figure class=\"elementor-image-box-img\"><img decoding=\"async\" width=\"874\" height=\"600\" src=\"https:\/\/propeyresq.be\/wp-content\/uploads\/2021\/11\/8643740-diaporama.jpg\" class=\"attachment-full size-full wp-image-1592\" alt=\"\" srcset=\"https:\/\/propeyresq.be\/wp-content\/uploads\/2021\/11\/8643740-diaporama.jpg 874w, https:\/\/propeyresq.be\/wp-content\/uploads\/2021\/11\/8643740-diaporama-300x206.jpg 300w, https:\/\/propeyresq.be\/wp-content\/uploads\/2021\/11\/8643740-diaporama-768x527.jpg 768w\" sizes=\"(max-width: 874px) 100vw, 874px\" \/><\/figure><div class=\"elementor-image-box-content\"><h3 class=\"elementor-image-box-title\">Le march\u00e9 d'Annot<\/h3><p class=\"elementor-image-box-description\">La grand place du march\u00e9 accueille, sous ses platanes, producteurs locaux et commer\u00e7ants tout au long de l\u2019ann\u00e9e. Venez fl\u00e2ner parmi les \u00e9tals pour un moment de d\u00e9couverte et de convivialit\u00e9. Toute l\u2019ann\u00e9e, tous les mardis de 8h \u00e0 13h.<\/p><\/div><\/div>\t\t\t\t<\/div>\n\t\t\t\t<\/div>\n\t\t\t\t\t<\/div>\n\t\t<\/div>\n\t\t\t\t<div class=\"elementor-column elementor-col-33 elementor-top-column elementor-element elementor-element-5042d42\" data-id=\"5042d42\" data-element_type=\"column\">\n\t\t\t<div class=\"elementor-widget-wrap elementor-element-populated\">\n\t\t\t\t\t\t<div class=\"elementor-element elementor-element-0893948 elementor-position-top elementor-widget elementor-widget-image-box\" data-id=\"0893948\" data-element_type=\"widget\" data-widget_type=\"image-box.default\">\n\t\t\t\t<div class=\"elementor-widget-container\">\n\t\t\t\t\t<div class=\"elementor-image-box-wrapper\"><figure class=\"elementor-image-box-img\"><img decoding=\"async\" width=\"800\" height=\"533\" src=\"https:\/\/propeyresq.be\/wp-content\/uploads\/2021\/11\/3545281-diaporama.jpg\" class=\"attachment-full size-full wp-image-1586\" alt=\"\" srcset=\"https:\/\/propeyresq.be\/wp-content\/uploads\/2021\/11\/3545281-diaporama.jpg 800w, https:\/\/propeyresq.be\/wp-content\/uploads\/2021\/11\/3545281-diaporama-300x200.jpg 300w, https:\/\/propeyresq.be\/wp-content\/uploads\/2021\/11\/3545281-diaporama-768x512.jpg 768w, https:\/\/propeyresq.be\/wp-content\/uploads\/2021\/11\/3545281-diaporama-360x240.jpg 360w\" sizes=\"(max-width: 800px) 100vw, 800px\" \/><\/figure><div class=\"elementor-image-box-content\"><h3 class=\"elementor-image-box-title\">Maison de Produits de pays des Alpes du Verdon<\/h3><p class=\"elementor-image-box-description\">Venez d\u00e9couvrir la gamme vari\u00e9e des produits artisanaux authentiques et go\u00fbtez les saveurs de nos vall\u00e9es Verdon \u2013 Var \u2013 Va\u00efre.\n\n\nRoute de Colmars, CD 908, \n04370 Beauvezer\nT\u00e9l\u00e9phone : 04 92 83 58 57\nEmail : produitsdepayshv@orange.fr\nSite web : https:\/\/paysgourmand.com\/carte-des-points-de-ventes\/maison-de-produits\u2026<\/p><\/div><\/div>\t\t\t\t<\/div>\n\t\t\t\t<\/div>\n\t\t\t\t\t<\/div>\n\t\t<\/div>\n\t\t\t\t\t<\/div>\n\t\t<\/section>\n\t\t\t\t<section class=\"elementor-section elementor-top-section elementor-element elementor-element-4bef04c elementor-section-boxed elementor-section-height-default elementor-section-height-default\" data-id=\"4bef04c\" data-element_type=\"section\">\n\t\t\t\t\t\t<div class=\"elementor-container elementor-column-gap-default\">\n\t\t\t\t\t<div class=\"elementor-column elementor-col-33 elementor-top-column elementor-element elementor-element-1695d34\" data-id=\"1695d34\" data-element_type=\"column\">\n\t\t\t<div class=\"elementor-widget-wrap elementor-element-populated\">\n\t\t\t\t\t\t<div class=\"elementor-element elementor-element-6c04825 elementor-position-top elementor-widget elementor-widget-image-box\" data-id=\"6c04825\" data-element_type=\"widget\" data-widget_type=\"image-box.default\">\n\t\t\t\t<div class=\"elementor-widget-container\">\n\t\t\t\t\t<div class=\"elementor-image-box-wrapper\"><figure class=\"elementor-image-box-img\"><img loading=\"lazy\" decoding=\"async\" width=\"2052\" height=\"2052\" src=\"https:\/\/propeyresq.be\/wp-content\/uploads\/2021\/11\/cordoeil.jpeg\" class=\"attachment-full size-full wp-image-1394\" alt=\"\" srcset=\"https:\/\/propeyresq.be\/wp-content\/uploads\/2021\/11\/cordoeil.jpeg 2052w, https:\/\/propeyresq.be\/wp-content\/uploads\/2021\/11\/cordoeil-300x300.jpeg 300w, https:\/\/propeyresq.be\/wp-content\/uploads\/2021\/11\/cordoeil-1024x1024.jpeg 1024w, https:\/\/propeyresq.be\/wp-content\/uploads\/2021\/11\/cordoeil-150x150.jpeg 150w, https:\/\/propeyresq.be\/wp-content\/uploads\/2021\/11\/cordoeil-768x768.jpeg 768w, https:\/\/propeyresq.be\/wp-content\/uploads\/2021\/11\/cordoeil-1536x1536.jpeg 1536w, https:\/\/propeyresq.be\/wp-content\/uploads\/2021\/11\/cordoeil-2048x2048.jpeg 2048w\" sizes=\"(max-width: 2052px) 100vw, 2052px\" \/><\/figure><div class=\"elementor-image-box-content\"><h3 class=\"elementor-image-box-title\">La Brasserie Cordoeil<\/h3><p class=\"elementor-image-box-description\">Entreprise familiale situ\u00e9e \u00e0 Thorame, les premiers brassins de la brasserie Cordoeil datent de 1999. En 2016, apr\u00e8s plus de dix ans de ruptures de stock quasi perp\u00e9tuelles, une nouvelle salle de brassage ultra-moderne, de nouvelles cuves de fermentation et maturation et une nouvelle unit\u00e9 d\u2019embouteillage automatique ont \u00e9t\u00e9 mises en services.<\/p><\/div><\/div>\t\t\t\t<\/div>\n\t\t\t\t<\/div>\n\t\t\t\t\t<\/div>\n\t\t<\/div>\n\t\t\t\t<div class=\"elementor-column elementor-col-33 elementor-top-column elementor-element elementor-element-8d463c4\" data-id=\"8d463c4\" data-element_type=\"column\">\n\t\t\t<div class=\"elementor-widget-wrap elementor-element-populated\">\n\t\t\t\t\t\t<div class=\"elementor-element elementor-element-8afa09e elementor-position-top elementor-widget elementor-widget-image-box\" data-id=\"8afa09e\" data-element_type=\"widget\" data-widget_type=\"image-box.default\">\n\t\t\t\t<div class=\"elementor-widget-container\">\n\t\t\t\t\t<div class=\"elementor-image-box-wrapper\"><figure class=\"elementor-image-box-img\"><img loading=\"lazy\" decoding=\"async\" width=\"2560\" height=\"1921\" src=\"https:\/\/propeyresq.be\/wp-content\/uploads\/2021\/11\/Screenshot-2021-11-08-at-19.08.01-scaled.jpg\" class=\"attachment-full size-full wp-image-1591\" alt=\"\" srcset=\"https:\/\/propeyresq.be\/wp-content\/uploads\/2021\/11\/Screenshot-2021-11-08-at-19.08.01-scaled.jpg 2560w, https:\/\/propeyresq.be\/wp-content\/uploads\/2021\/11\/Screenshot-2021-11-08-at-19.08.01-300x225.jpg 300w, https:\/\/propeyresq.be\/wp-content\/uploads\/2021\/11\/Screenshot-2021-11-08-at-19.08.01-1024x769.jpg 1024w, https:\/\/propeyresq.be\/wp-content\/uploads\/2021\/11\/Screenshot-2021-11-08-at-19.08.01-768x576.jpg 768w, https:\/\/propeyresq.be\/wp-content\/uploads\/2021\/11\/Screenshot-2021-11-08-at-19.08.01-1536x1153.jpg 1536w, https:\/\/propeyresq.be\/wp-content\/uploads\/2021\/11\/Screenshot-2021-11-08-at-19.08.01-2048x1537.jpg 2048w\" sizes=\"(max-width: 2560px) 100vw, 2560px\" \/><\/figure><div class=\"elementor-image-box-content\"><h3 class=\"elementor-image-box-title\">La maison du saucisson<\/h3><p class=\"elementor-image-box-description\">Du saucisson pur porc en passant par le saucisson \u00e0 l'ail, vous pourrez d\u00e9couvrir des saucissons plus originaux comme des saucissons aux figues, au canard ou encore au pastis, mais \u00e9galement des rosettes et saucissons au jus de truffe et g\u00e9n\u00e9pi.\n\nPlace de Verdun\n04170  SAINT-ANDR\u00c9-LES-ALPES\n04 92 89 03 16<\/p><\/div><\/div>\t\t\t\t<\/div>\n\t\t\t\t<\/div>\n\t\t\t\t\t<\/div>\n\t\t<\/div>\n\t\t\t\t<div class=\"elementor-column elementor-col-33 elementor-top-column elementor-element elementor-element-d93ea2a\" data-id=\"d93ea2a\" data-element_type=\"column\">\n\t\t\t<div class=\"elementor-widget-wrap elementor-element-populated\">\n\t\t\t\t\t\t<div class=\"elementor-element elementor-element-f724161 elementor-view-default elementor-widget elementor-widget-icon\" data-id=\"f724161\" data-element_type=\"widget\" data-widget_type=\"icon.default\">\n\t\t\t\t<div class=\"elementor-widget-container\">\n\t\t\t\t\t\t\t<div class=\"elementor-icon-wrapper\">\n\t\t\t<div class=\"elementor-icon\">\n\t\t\t<i aria-hidden=\"true\" class=\"fas fa-star\"><\/i>\t\t\t<\/div>\n\t\t<\/div>\n\t\t\t\t\t\t<\/div>\n\t\t\t\t<\/div>\n\t\t\t\t\t<\/div>\n\t\t<\/div>\n\t\t\t\t\t<\/div>\n\t\t<\/section>\n\t\t\t\t<\/div>\n\t\t","protected":false},"excerpt":{"rendered":"<p>Les march\u00e9s et produits du terroir Le march\u00e9 proven\u00e7al de Colmars les Alpes Le traditionnel march\u00e9 proven\u00e7al \u00e0 Colmars avec ses \u00e9tals color\u00e9s et ses saveurs et senteurs de la Provence. Primeurs, cochonnailles,fromages de pays, poissonnerie, v\u00eatements, d\u00e9coration, gourmandises ! \u00e0 d\u00e9couvrir tous les mardis et vendredis matins de 8h00 [&hellip;]<\/p>\n","protected":false},"author":2,"featured_media":0,"parent":1185,"menu_order":5,"comment_status":"closed","ping_status":"closed","template":"page-templates\/template-fullwidth.php","meta":{"footnotes":""},"class_list":["post-1484","page","type-page","status-publish","hentry"],"post_mailing_queue_ids":[],"_links":{"self":[{"href":"https:\/\/propeyresq.be\/index.php?rest_route=\/wp\/v2\/pages\/1484","targetHints":{"allow":["GET"]}}],"collection":[{"href":"https:\/\/propeyresq.be\/index.php?rest_route=\/wp\/v2\/pages"}],"about":[{"href":"https:\/\/propeyresq.be\/index.php?rest_route=\/wp\/v2\/types\/page"}],"author":[{"embeddable":true,"href":"https:\/\/propeyresq.be\/index.php?rest_route=\/wp\/v2\/users\/2"}],"replies":[{"embeddable":true,"href":"https:\/\/propeyresq.be\/index.php?rest_route=%2Fwp%2Fv2%2Fcomments&post=1484"}],"version-history":[{"count":18,"href":"https:\/\/propeyresq.be\/index.php?rest_route=\/wp\/v2\/pages\/1484\/revisions"}],"predecessor-version":[{"id":1807,"href":"https:\/\/propeyresq.be\/index.php?rest_route=\/wp\/v2\/pages\/1484\/revisions\/1807"}],"up":[{"embeddable":true,"href":"https:\/\/propeyresq.be\/index.php?rest_route=\/wp\/v2\/pages\/1185"}],"wp:attachment":[{"href":"https:\/\/propeyresq.be\/index.php?rest_route=%2Fwp%2Fv2%2Fmedia&parent=1484"}],"curies":[{"name":"wp","href":"https:\/\/api.w.org\/{rel}","templated":true}]}}