{"id":1287,"date":"2021-08-25T14:32:52","date_gmt":"2021-08-25T12:32:52","guid":{"rendered":"http:\/\/wptest.propeyresq.be\/?page_id=1287"},"modified":"2026-04-04T20:51:53","modified_gmt":"2026-04-04T18:51:53","slug":"reservations","status":"publish","type":"page","link":"https:\/\/propeyresq.be\/?page_id=1287","title":{"rendered":"R\u00e9servations"},"content":{"rendered":"\t\t<div data-elementor-type=\"wp-page\" data-elementor-id=\"1287\" class=\"elementor elementor-1287\">\n\t\t\t\t\t\t<section class=\"elementor-section elementor-top-section elementor-element elementor-element-557f523 elementor-section-boxed elementor-section-height-default elementor-section-height-default\" data-id=\"557f523\" data-element_type=\"section\">\n\t\t\t\t\t\t<div class=\"elementor-container elementor-column-gap-default\">\n\t\t\t\t\t<div class=\"elementor-column elementor-col-100 elementor-top-column elementor-element elementor-element-8bf258f\" data-id=\"8bf258f\" data-element_type=\"column\">\n\t\t\t<div class=\"elementor-widget-wrap elementor-element-populated\">\n\t\t\t\t\t\t<div class=\"elementor-element elementor-element-13f9132 elementor-widget elementor-widget-heading\" data-id=\"13f9132\" data-element_type=\"widget\" data-widget_type=\"heading.default\">\n\t\t\t\t<div class=\"elementor-widget-container\">\n\t\t\t\t\t<h2 class=\"elementor-heading-title elementor-size-default\">Formulaire de r\u00e9servation<\/h2>\t\t\t\t<\/div>\n\t\t\t\t<\/div>\n\t\t\t\t\t<\/div>\n\t\t<\/div>\n\t\t\t\t\t<\/div>\n\t\t<\/section>\n\t\t\t\t<section class=\"elementor-section elementor-top-section elementor-element elementor-element-568c863 elementor-section-boxed elementor-section-height-default elementor-section-height-default\" data-id=\"568c863\" data-element_type=\"section\">\n\t\t\t\t\t\t<div class=\"elementor-container elementor-column-gap-default\">\n\t\t\t\t\t<div class=\"elementor-column elementor-col-100 elementor-top-column elementor-element elementor-element-7c024be\" data-id=\"7c024be\" data-element_type=\"column\">\n\t\t\t<div class=\"elementor-widget-wrap elementor-element-populated\">\n\t\t\t\t\t\t<div class=\"elementor-element elementor-element-8d84068 elementor-widget-divider--view-line elementor-widget elementor-widget-divider\" data-id=\"8d84068\" data-element_type=\"widget\" data-widget_type=\"divider.default\">\n\t\t\t\t<div class=\"elementor-widget-container\">\n\t\t\t\t\t\t\t<div class=\"elementor-divider\">\n\t\t\t<span class=\"elementor-divider-separator\">\n\t\t\t\t\t\t<\/span>\n\t\t<\/div>\n\t\t\t\t\t\t<\/div>\n\t\t\t\t<\/div>\n\t\t\t\t\t<\/div>\n\t\t<\/div>\n\t\t\t\t\t<\/div>\n\t\t<\/section>\n\t\t\t\t<section class=\"elementor-section elementor-top-section elementor-element elementor-element-56638a2 elementor-section-boxed elementor-section-height-default elementor-section-height-default\" data-id=\"56638a2\" data-element_type=\"section\">\n\t\t\t\t\t\t<div class=\"elementor-container elementor-column-gap-default\">\n\t\t\t\t\t<div class=\"elementor-column elementor-col-100 elementor-top-column elementor-element elementor-element-41f61ec\" data-id=\"41f61ec\" data-element_type=\"column\">\n\t\t\t<div class=\"elementor-widget-wrap elementor-element-populated\">\n\t\t\t\t\t\t<div class=\"elementor-element elementor-element-70d6c0e elementor-widget elementor-widget-text-editor\" data-id=\"70d6c0e\" data-element_type=\"widget\" data-widget_type=\"text-editor.default\">\n\t\t\t\t<div class=\"elementor-widget-container\">\n\t\t\t\t\t\t\t\t\t<p><span style=\"font-size: inherit;\">Une petite place ? C&rsquo;est possible : 11\/07 \u2192 25\/07 ; 15\/08 \u2192 22\/08 (en collectif et privatif)<\/span><\/p><p><span style=\"font-size: inherit;\">merci pour votre enthousiasme peyrescan \ud83d\ude42<\/span><\/p>\t\t\t\t\t\t\t\t<\/div>\n\t\t\t\t<\/div>\n\t\t\t\t\t<\/div>\n\t\t<\/div>\n\t\t\t\t\t<\/div>\n\t\t<\/section>\n\t\t\t\t<section class=\"elementor-section elementor-top-section elementor-element elementor-element-0999914 elementor-section-boxed elementor-section-height-default elementor-section-height-default\" data-id=\"0999914\" data-element_type=\"section\">\n\t\t\t\t\t\t<div class=\"elementor-container elementor-column-gap-default\">\n\t\t\t\t\t<div class=\"elementor-column elementor-col-100 elementor-top-column elementor-element elementor-element-f7b5021\" data-id=\"f7b5021\" data-element_type=\"column\">\n\t\t\t<div class=\"elementor-widget-wrap elementor-element-populated\">\n\t\t\t\t\t\t<div class=\"elementor-element elementor-element-379325f elementor-widget elementor-widget-text-editor\" data-id=\"379325f\" data-element_type=\"widget\" data-widget_type=\"text-editor.default\">\n\t\t\t\t<div class=\"elementor-widget-container\">\n\t\t\t\t\t\t\t\t\t<p>\u2600\ufe0f\u2600\ufe0f Pr\u00e9-commande de t-shirts et polaires <a href=\"https:\/\/propeyresq.be\/?page_id=3062\">ici<\/a>\u00a0\u2600\ufe0f\u2600\ufe0f<\/p>\t\t\t\t\t\t\t\t<\/div>\n\t\t\t\t<\/div>\n\t\t\t\t\t<\/div>\n\t\t<\/div>\n\t\t\t\t\t<\/div>\n\t\t<\/section>\n\t\t\t\t<section class=\"elementor-section elementor-top-section elementor-element elementor-element-540bc23 elementor-section-boxed elementor-section-height-default elementor-section-height-default\" data-id=\"540bc23\" data-element_type=\"section\">\n\t\t\t\t\t\t<div class=\"elementor-container elementor-column-gap-default\">\n\t\t\t\t\t<div class=\"elementor-column elementor-col-50 elementor-top-column elementor-element elementor-element-d36fe1d\" data-id=\"d36fe1d\" data-element_type=\"column\">\n\t\t\t<div class=\"elementor-widget-wrap elementor-element-populated\">\n\t\t\t\t\t\t<div class=\"elementor-element elementor-element-dc7e6e0 elementor-widget elementor-widget-html\" data-id=\"dc7e6e0\" data-element_type=\"widget\" data-widget_type=\"html.default\">\n\t\t\t\t<div class=\"elementor-widget-container\">\n\t\t\t\t\t<iframe style=\"border-style:none; width:100%; height:1650px;\" src=\"https:\/\/manava.abricode.fr\/comptes\/pp_test\/ressources\/public\/php\/iframe_resa_grp_spef_propeyresq.php\"><\/iframe> \t\t\t\t<\/div>\n\t\t\t\t<\/div>\n\t\t\t\t\t<\/div>\n\t\t<\/div>\n\t\t\t\t<div class=\"elementor-column elementor-col-50 elementor-top-column elementor-element elementor-element-ab1b1bf\" data-id=\"ab1b1bf\" data-element_type=\"column\">\n\t\t\t<div class=\"elementor-widget-wrap elementor-element-populated\">\n\t\t\t\t\t\t<div class=\"elementor-element elementor-element-87bfbd7 elementor-widget elementor-widget-text-editor\" data-id=\"87bfbd7\" data-element_type=\"widget\" data-widget_type=\"text-editor.default\">\n\t\t\t\t<div class=\"elementor-widget-container\">\n\t\t\t\t\t\t\t\t\t<h3 style=\"text-align: center;\"><u><b>Utilisation du formulaire<\/b><\/u><\/h3>\n<ol>\n<li>Choisissez votre p\u00e9riode de s\u00e9jour (dans le calendrier, s\u00e9lectionner la date d&rsquo;arriv\u00e9e et la date de d\u00e9part)<\/li>\n<li>Indiquez le nombre de s\u00e9journants (adultes et\/ou enfants et\/ou \u00e9tudiants)<\/li>\n<li><span style=\"font-size: inherit;\">Cliquez \u00ab\u00a0Rechercher\u00a0\u00bb pour afficher les diff\u00e9rents logements<\/span><\/li>\n<li>Choisissez parmi les options:\n<ul>\n<li><span style=\"color: #ff00ff;\">Lit en dortoir collectif &#8211; 1 personne seulement par inscription<\/span><\/li>\n<li>Logement familial\/privatif pour un groupe d\u00e9sirant loger dans la m\u00eame chambre et aux m\u00eames dates !<\/li>\n<li>Rappel : en logement familial\/privatif, les r\u00e9servations se font uniquement du samedi au samedi.<\/li>\n<\/ul>\n<\/li>\n<li>Si la r\u00e9servation comprend des enfants ou des students, indiquez leur nombre et cat\u00e9gories d&rsquo;\u00e2ge.<\/li>\n<li>Remplissez les coordonn\u00e9es de la personne de contact.<\/li>\n<li>Toute demande particuli\u00e8re est \u00e0 ajouter dans le champ Message (logement sp\u00e9cifique, regroupement de plusieurs personnes au sein d&rsquo;un dortoir,&#8230;). A noter que les chambres s\u00e9par\u00e9es pour enfants sont disponibles <b>dans la mesure du possible <\/b>(en haute saison, cela peut \u00eatre compliqu\u00e9).<\/li>\n<li>Indiquer le nom et le pr\u00e9nom de chaque personne concern\u00e9e par la r\u00e9servation, dans la case ad hoc, ainsi que sa cat\u00e9gorie d&rsquo;\u00e2ge.<\/li>\n<li style=\"font-weight: 400;\"><strong><span style=\"color: #ff00ff;\">Nous vous invitons, <u>pour chaque membre<\/u> majeur li\u00e9 \u00e0 votre inscription, \u00e0 indiquer dans le champ activit\u00e9s la ou les cat\u00e9gories dans lesquelles vous souhaitez vous investir quelques heures lors de votre s\u00e9jour (*)&nbsp;:<\/span><\/strong>\n<ul>\n<li><strong><span>SUPPORT LOGISTIQUE<\/span><\/strong><span> <em>&#8211; Ex&nbsp;: faire des courses pour le bar&nbsp;; amener les tables sur la place pour un banquet&nbsp;; remplacer une \u00ab&nbsp;corv\u00e9e&nbsp;\u00bb&nbsp;manquante ; etc.<\/em><\/span><\/li>\n<li><strong><span>ACTIVIT\u00c9S &amp; ANIMATIONS<\/span><\/strong> <em>&#8211; <\/em><em><span>Ex&nbsp;: organiser une balade&nbsp;; faire une initiation artistique&nbsp;; donner une conf\u00e9rence&nbsp;; etc.<\/span><\/em><\/li>\n<li><strong><span>ENTRETIEN &amp; CHANTIER<\/span><\/strong><span><em>&#8211; Ex&nbsp;: r\u00e9parer un meuble&nbsp;; nettoyer la place du village ; peindre un mur&nbsp;; etc.<\/em><\/span><\/li>\n<li style=\"font-weight: 400;\"><em>(*) Ces quelques heures b\u00e9n\u00e9voles ne donnent pas droit \u00e0 une ristourne au pair du prix du s\u00e9jour et n\u2019exempte pas du service hebdomadaire au restaurant.<\/em><\/li>\n<\/ul>\n<\/li>\n<li>Approuvez les conditions g\u00e9n\u00e9rales et envoyez votre demande.<\/li>\n<li>Le tarif indiqu\u00e9 est purement indicatif et sera adapt\u00e9 en fonction de l&rsquo;h\u00e9bergement qui vous sera accord\u00e9.<\/li>\n<\/ol>\n<div><strong>Mail de r\u00e9servation non re\u00e7u ? Checkez vos spams !<\/strong><\/div>\n<div><span style=\"font-weight: bold;\">&nbsp;<\/span><\/div>\n<div><b>PAIEMENT<\/b>&nbsp;: mentionnez en communication libre le num\u00e9ro de facture + nom de la personne qui a effectu\u00e9 la r\u00e9servation (le tr\u00e9sorier vous remerciera :))<\/div>\n<div><\/div>\n<div><\/div>\n<div><b>DIVERS<\/b><br>Nous vous sugg\u00e9rons de vous munir de vos sacs de couchage (sinon, draps disponibles moyennant paiement)<\/div>\n<div><\/div>\t\t\t\t\t\t\t\t<\/div>\n\t\t\t\t<\/div>\n\t\t\t\t\t<\/div>\n\t\t<\/div>\n\t\t\t\t\t<\/div>\n\t\t<\/section>\n\t\t\t\t<\/div>\n\t\t","protected":false},"excerpt":{"rendered":"<p>Formulaire de r\u00e9servation Une petite place ? C&rsquo;est possible : 11\/07 \u2192 25\/07 ; 15\/08 \u2192 22\/08 (en collectif et privatif) merci pour votre enthousiasme peyrescan \ud83d\ude42 \u2600\ufe0f\u2600\ufe0f Pr\u00e9-commande de t-shirts et polaires ici\u00a0\u2600\ufe0f\u2600\ufe0f Utilisation du formulaire Choisissez votre p\u00e9riode de s\u00e9jour (dans le calendrier, s\u00e9lectionner la date d&rsquo;arriv\u00e9e et [&hellip;]<\/p>\n","protected":false},"author":2,"featured_media":0,"parent":1285,"menu_order":2,"comment_status":"closed","ping_status":"closed","template":"page-templates\/template-fullwidth.php","meta":{"footnotes":""},"class_list":["post-1287","page","type-page","status-publish","hentry"],"post_mailing_queue_ids":[],"_links":{"self":[{"href":"https:\/\/propeyresq.be\/index.php?rest_route=\/wp\/v2\/pages\/1287","targetHints":{"allow":["GET"]}}],"collection":[{"href":"https:\/\/propeyresq.be\/index.php?rest_route=\/wp\/v2\/pages"}],"about":[{"href":"https:\/\/propeyresq.be\/index.php?rest_route=\/wp\/v2\/types\/page"}],"author":[{"embeddable":true,"href":"https:\/\/propeyresq.be\/index.php?rest_route=\/wp\/v2\/users\/2"}],"replies":[{"embeddable":true,"href":"https:\/\/propeyresq.be\/index.php?rest_route=%2Fwp%2Fv2%2Fcomments&post=1287"}],"version-history":[{"count":169,"href":"https:\/\/propeyresq.be\/index.php?rest_route=\/wp\/v2\/pages\/1287\/revisions"}],"predecessor-version":[{"id":3175,"href":"https:\/\/propeyresq.be\/index.php?rest_route=\/wp\/v2\/pages\/1287\/revisions\/3175"}],"up":[{"embeddable":true,"href":"https:\/\/propeyresq.be\/index.php?rest_route=\/wp\/v2\/pages\/1285"}],"wp:attachment":[{"href":"https:\/\/propeyresq.be\/index.php?rest_route=%2Fwp%2Fv2%2Fmedia&parent=1287"}],"curies":[{"name":"wp","href":"https:\/\/api.w.org\/{rel}","templated":true}]}}