{"id":1186,"date":"2008-01-25T16:20:28","date_gmt":"2008-01-25T15:20:28","guid":{"rendered":"http:\/\/www.propeyresq.be\/fr\/?page_id=14"},"modified":"2021-11-28T19:25:18","modified_gmt":"2021-11-28T17:25:18","slug":"activites-sportives","status":"publish","type":"page","link":"https:\/\/propeyresq.be\/?page_id=1186","title":{"rendered":"Activit\u00e9s sportives"},"content":{"rendered":"\t\t<div data-elementor-type=\"wp-page\" data-elementor-id=\"1186\" class=\"elementor elementor-1186\">\n\t\t\t\t\t\t<section class=\"elementor-section elementor-top-section elementor-element elementor-element-627129e8 elementor-section-boxed elementor-section-height-default elementor-section-height-default\" data-id=\"627129e8\" data-element_type=\"section\">\n\t\t\t\t\t\t<div class=\"elementor-container elementor-column-gap-default\">\n\t\t\t\t\t<div class=\"elementor-column elementor-col-100 elementor-top-column elementor-element elementor-element-5d0eb443\" data-id=\"5d0eb443\" data-element_type=\"column\">\n\t\t\t<div class=\"elementor-widget-wrap elementor-element-populated\">\n\t\t\t\t\t\t\t<\/div>\n\t\t<\/div>\n\t\t\t\t\t<\/div>\n\t\t<\/section>\n\t\t\t\t<section class=\"elementor-section elementor-top-section elementor-element elementor-element-16e461a elementor-section-boxed elementor-section-height-default elementor-section-height-default\" data-id=\"16e461a\" data-element_type=\"section\">\n\t\t\t\t\t\t<div class=\"elementor-container elementor-column-gap-default\">\n\t\t\t\t\t<div class=\"elementor-column elementor-col-100 elementor-top-column elementor-element elementor-element-2758687\" data-id=\"2758687\" data-element_type=\"column\">\n\t\t\t<div class=\"elementor-widget-wrap elementor-element-populated\">\n\t\t\t\t\t\t<div class=\"elementor-element elementor-element-61d4881 elementor-widget elementor-widget-heading\" data-id=\"61d4881\" data-element_type=\"widget\" data-widget_type=\"heading.default\">\n\t\t\t\t<div class=\"elementor-widget-container\">\n\t\t\t\t\t<h1 class=\"elementor-heading-title elementor-size-default\">Activit\u00e9s sportives<\/h1>\t\t\t\t<\/div>\n\t\t\t\t<\/div>\n\t\t\t\t\t<\/div>\n\t\t<\/div>\n\t\t\t\t\t<\/div>\n\t\t<\/section>\n\t\t\t\t<section class=\"elementor-section elementor-top-section elementor-element elementor-element-fdcab1c elementor-section-boxed elementor-section-height-default elementor-section-height-default\" data-id=\"fdcab1c\" data-element_type=\"section\">\n\t\t\t\t\t\t<div class=\"elementor-container elementor-column-gap-default\">\n\t\t\t\t\t<div class=\"elementor-column elementor-col-50 elementor-top-column elementor-element elementor-element-a53cd77\" data-id=\"a53cd77\" data-element_type=\"column\">\n\t\t\t<div class=\"elementor-widget-wrap elementor-element-populated\">\n\t\t\t\t\t\t<div class=\"elementor-element elementor-element-a9e9e12 elementor-position-top elementor-widget elementor-widget-image-box\" data-id=\"a9e9e12\" data-element_type=\"widget\" data-widget_type=\"image-box.default\">\n\t\t\t\t<div class=\"elementor-widget-container\">\n\t\t\t\t\t<div class=\"elementor-image-box-wrapper\"><figure class=\"elementor-image-box-img\"><img fetchpriority=\"high\" decoding=\"async\" width=\"640\" height=\"512\" src=\"https:\/\/propeyresq.be\/wp-content\/uploads\/2021\/11\/IMG_4392.jpeg\" class=\"attachment-full size-full wp-image-1679\" alt=\"\" srcset=\"https:\/\/propeyresq.be\/wp-content\/uploads\/2021\/11\/IMG_4392.jpeg 640w, https:\/\/propeyresq.be\/wp-content\/uploads\/2021\/11\/IMG_4392-300x240.jpeg 300w\" sizes=\"(max-width: 640px) 100vw, 640px\" \/><\/figure><div class=\"elementor-image-box-content\"><h3 class=\"elementor-image-box-title\">Au village<\/h3><p class=\"elementor-image-box-description\">P\u00e9tanque, tennis de table, volley-ball, VTT<\/p><\/div><\/div>\t\t\t\t<\/div>\n\t\t\t\t<\/div>\n\t\t\t\t\t<\/div>\n\t\t<\/div>\n\t\t\t\t<div class=\"elementor-column elementor-col-50 elementor-top-column elementor-element elementor-element-02afb4e\" data-id=\"02afb4e\" data-element_type=\"column\">\n\t\t\t<div class=\"elementor-widget-wrap elementor-element-populated\">\n\t\t\t\t\t\t<div class=\"elementor-element elementor-element-9aac343 elementor-position-top elementor-widget elementor-widget-image-box\" data-id=\"9aac343\" data-element_type=\"widget\" data-widget_type=\"image-box.default\">\n\t\t\t\t<div class=\"elementor-widget-container\">\n\t\t\t\t\t<div class=\"elementor-image-box-wrapper\"><figure class=\"elementor-image-box-img\"><img decoding=\"async\" width=\"640\" height=\"512\" src=\"https:\/\/propeyresq.be\/wp-content\/uploads\/2021\/11\/IMG_2558.jpeg\" class=\"attachment-full size-full wp-image-1676\" alt=\"\" srcset=\"https:\/\/propeyresq.be\/wp-content\/uploads\/2021\/11\/IMG_2558.jpeg 640w, https:\/\/propeyresq.be\/wp-content\/uploads\/2021\/11\/IMG_2558-300x240.jpeg 300w\" sizes=\"(max-width: 640px) 100vw, 640px\" \/><\/figure><div class=\"elementor-image-box-content\"><h3 class=\"elementor-image-box-title\">Au lac de Castillon<\/h3><p class=\"elementor-image-box-description\">Natation, Planche \u00e0 voile, Paddling, Kayak<\/p><\/div><\/div>\t\t\t\t<\/div>\n\t\t\t\t<\/div>\n\t\t\t\t\t<\/div>\n\t\t<\/div>\n\t\t\t\t\t<\/div>\n\t\t<\/section>\n\t\t\t\t<section class=\"elementor-section elementor-top-section elementor-element elementor-element-53aa2e7 elementor-section-boxed elementor-section-height-default elementor-section-height-default\" data-id=\"53aa2e7\" data-element_type=\"section\">\n\t\t\t\t\t\t<div class=\"elementor-container elementor-column-gap-default\">\n\t\t\t\t\t<div class=\"elementor-column elementor-col-50 elementor-top-column elementor-element elementor-element-51db609\" data-id=\"51db609\" data-element_type=\"column\">\n\t\t\t<div class=\"elementor-widget-wrap elementor-element-populated\">\n\t\t\t\t\t\t<div class=\"elementor-element elementor-element-967c27b elementor-position-top elementor-widget elementor-widget-image-box\" data-id=\"967c27b\" data-element_type=\"widget\" data-widget_type=\"image-box.default\">\n\t\t\t\t<div class=\"elementor-widget-container\">\n\t\t\t\t\t<div class=\"elementor-image-box-wrapper\"><figure class=\"elementor-image-box-img\"><img decoding=\"async\" width=\"1024\" height=\"683\" src=\"https:\/\/propeyresq.be\/wp-content\/uploads\/2021\/11\/rafting-canyoning.jpg\" class=\"attachment-full size-full wp-image-1680\" alt=\"\" srcset=\"https:\/\/propeyresq.be\/wp-content\/uploads\/2021\/11\/rafting-canyoning.jpg 1024w, https:\/\/propeyresq.be\/wp-content\/uploads\/2021\/11\/rafting-canyoning-300x200.jpg 300w, https:\/\/propeyresq.be\/wp-content\/uploads\/2021\/11\/rafting-canyoning-768x512.jpg 768w, https:\/\/propeyresq.be\/wp-content\/uploads\/2021\/11\/rafting-canyoning-360x240.jpg 360w\" sizes=\"(max-width: 1024px) 100vw, 1024px\" \/><\/figure><div class=\"elementor-image-box-content\"><h3 class=\"elementor-image-box-title\">Eau Vive Evasion<\/h3><p class=\"elementor-image-box-description\">Eau vive | \u00c9vasion\n\t\u2022\tnage en eau vive\n\t\u2022\trafting\n\t\u2022\tcano\u00eb gonflable\n\t\u2022\tcanyoning\n\t\u2022\trandonn\u00e9e aquatique (Var, Verdon, Ubaye).\n\t\u2022\tSaut \u00e0 l'\u00e9lastique\nCertaines dates \u00e9tant tr\u00e8s demand\u00e9es, il importe de r\u00e9server rapidement pour \u00eatre re\u00e7u dans les meilleures conditions. La capacit\u00e9 d'accueil reste conviviale. Les Peyrescans group\u00e9s b\u00e9n\u00e9ficient de prix r\u00e9duits.\nRenseignements : Alain Daumas F-04240 Annot - 00 33 4 92 83 38 09<\/p><\/div><\/div>\t\t\t\t<\/div>\n\t\t\t\t<\/div>\n\t\t\t\t\t<\/div>\n\t\t<\/div>\n\t\t\t\t<div class=\"elementor-column elementor-col-50 elementor-top-column elementor-element elementor-element-bb402aa\" data-id=\"bb402aa\" data-element_type=\"column\">\n\t\t\t<div class=\"elementor-widget-wrap elementor-element-populated\">\n\t\t\t\t\t\t<div class=\"elementor-element elementor-element-a3d029d elementor-position-top elementor-widget elementor-widget-image-box\" data-id=\"a3d029d\" data-element_type=\"widget\" data-widget_type=\"image-box.default\">\n\t\t\t\t<div class=\"elementor-widget-container\">\n\t\t\t\t\t<div class=\"elementor-image-box-wrapper\"><figure class=\"elementor-image-box-img\"><a href=\"http:\/\/www.parapente-aerogliss.com\" tabindex=\"-1\"><img loading=\"lazy\" decoding=\"async\" width=\"1000\" height=\"800\" src=\"https:\/\/propeyresq.be\/wp-content\/uploads\/2021\/11\/conditions-vol-parapente-1.jpg\" class=\"attachment-full size-full wp-image-1668\" alt=\"\" srcset=\"https:\/\/propeyresq.be\/wp-content\/uploads\/2021\/11\/conditions-vol-parapente-1.jpg 1000w, https:\/\/propeyresq.be\/wp-content\/uploads\/2021\/11\/conditions-vol-parapente-1-300x240.jpg 300w, https:\/\/propeyresq.be\/wp-content\/uploads\/2021\/11\/conditions-vol-parapente-1-768x614.jpg 768w\" sizes=\"(max-width: 1000px) 100vw, 1000px\" \/><\/a><\/figure><div class=\"elementor-image-box-content\"><h3 class=\"elementor-image-box-title\"><a href=\"http:\/\/www.parapente-aerogliss.com\">Parapente \u2028A Saint-Andr\u00e9-les-Alpe<\/a><\/h3><p class=\"elementor-image-box-description\">Un es spots europ\u00e9ens le plus pris\u00e9s!\n\nstages d'initiation, de premier grand vol et de perfectionnement(l'inscription pr\u00e9alable est indispensable). Vols en biplace avec instructeur.\u2028\n\nRenseignements : \u00c9cole de Vol Libre du Haut-Verdon - 00 33 4 92 89 11 30 - voir leur site web : www.parapente-aerogliss.com<\/p><\/div><\/div>\t\t\t\t<\/div>\n\t\t\t\t<\/div>\n\t\t\t\t\t<\/div>\n\t\t<\/div>\n\t\t\t\t\t<\/div>\n\t\t<\/section>\n\t\t\t\t<section class=\"elementor-section elementor-top-section elementor-element elementor-element-391b589 elementor-section-boxed elementor-section-height-default elementor-section-height-default\" data-id=\"391b589\" data-element_type=\"section\">\n\t\t\t\t\t\t<div class=\"elementor-container elementor-column-gap-default\">\n\t\t\t\t\t<div class=\"elementor-column elementor-col-50 elementor-top-column elementor-element elementor-element-5b712c0\" data-id=\"5b712c0\" data-element_type=\"column\">\n\t\t\t<div class=\"elementor-widget-wrap elementor-element-populated\">\n\t\t\t\t\t\t<div class=\"elementor-element elementor-element-311cb4a elementor-position-top elementor-widget elementor-widget-image-box\" data-id=\"311cb4a\" data-element_type=\"widget\" data-widget_type=\"image-box.default\">\n\t\t\t\t<div class=\"elementor-widget-container\">\n\t\t\t\t\t<div class=\"elementor-image-box-wrapper\"><figure class=\"elementor-image-box-img\"><img loading=\"lazy\" decoding=\"async\" width=\"290\" height=\"174\" src=\"https:\/\/propeyresq.be\/wp-content\/uploads\/2021\/11\/images.jpeg\" class=\"attachment-full size-full wp-image-1681\" alt=\"\" \/><\/figure><div class=\"elementor-image-box-content\"><h3 class=\"elementor-image-box-title\">Randonn\u00e9es \u00e9questre<\/h3><p class=\"elementor-image-box-description\">Equitation\u2028Possibilit\u00e9 de randonn\u00e9e d'une demi-journ\u00e9e ou plus \u00e0 partir de La Colle St. Michel. Prenez votre \u00e9quipement si \u00e7a vous botte ; renseignements sur place.<\/p><\/div><\/div>\t\t\t\t<\/div>\n\t\t\t\t<\/div>\n\t\t\t\t\t<\/div>\n\t\t<\/div>\n\t\t\t\t<div class=\"elementor-column elementor-col-50 elementor-top-column elementor-element elementor-element-722fac3\" data-id=\"722fac3\" data-element_type=\"column\">\n\t\t\t<div class=\"elementor-widget-wrap elementor-element-populated\">\n\t\t\t\t\t\t<div class=\"elementor-element elementor-element-5233228 elementor-position-top elementor-widget elementor-widget-image-box\" data-id=\"5233228\" data-element_type=\"widget\" data-widget_type=\"image-box.default\">\n\t\t\t\t<div class=\"elementor-widget-container\">\n\t\t\t\t\t<div class=\"elementor-image-box-wrapper\"><figure class=\"elementor-image-box-img\"><a href=\"https:\/\/www.valdallos.com\/bike-park-le-seignus.html\" tabindex=\"-1\"><img loading=\"lazy\" decoding=\"async\" width=\"640\" height=\"480\" src=\"https:\/\/propeyresq.be\/wp-content\/uploads\/2021\/11\/IMG_1838-1.jpeg\" class=\"attachment-full size-full wp-image-1667\" alt=\"\" srcset=\"https:\/\/propeyresq.be\/wp-content\/uploads\/2021\/11\/IMG_1838-1.jpeg 640w, https:\/\/propeyresq.be\/wp-content\/uploads\/2021\/11\/IMG_1838-1-300x225.jpeg 300w\" sizes=\"(max-width: 640px) 100vw, 640px\" \/><\/a><\/figure><div class=\"elementor-image-box-content\"><h3 class=\"elementor-image-box-title\"><a href=\"https:\/\/www.valdallos.com\/bike-park-le-seignus.html\">VTT de descente \u00e0 Allos - Seignus<\/a><\/h3><p class=\"elementor-image-box-description\">\nLe Val d'Allos met \u00e0 votre disposition dans son bike park, des infrastructures adapt\u00e9es \u00e0 la pratique du VTT\n- un boardercross : virages relev\u00e9s, bosses, passages en section bois\u00e9e\n- un parcours ludique : pour les enfants et d\u00e9butants, un acc\u00e8s facile et rapide pour d\u00e9couvrir la pratique du VTT en toute s\u00e9curit\u00e9\n- un northshore\n- services : station de lavage, r\u00e9paration, range VTT, panneaux d'informations, d\u00e9pliant des itin\u00e9raire<\/p><\/div><\/div>\t\t\t\t<\/div>\n\t\t\t\t<\/div>\n\t\t\t\t\t<\/div>\n\t\t<\/div>\n\t\t\t\t\t<\/div>\n\t\t<\/section>\n\t\t\t\t<section class=\"elementor-section elementor-top-section elementor-element elementor-element-e257c3f elementor-section-boxed elementor-section-height-default elementor-section-height-default\" data-id=\"e257c3f\" data-element_type=\"section\">\n\t\t\t\t\t\t<div class=\"elementor-container elementor-column-gap-default\">\n\t\t\t\t\t<div class=\"elementor-column elementor-col-50 elementor-top-column elementor-element elementor-element-d6771e1\" data-id=\"d6771e1\" data-element_type=\"column\">\n\t\t\t<div class=\"elementor-widget-wrap elementor-element-populated\">\n\t\t\t\t\t\t<div class=\"elementor-element elementor-element-f4c9a37 elementor-position-top elementor-widget elementor-widget-image-box\" data-id=\"f4c9a37\" data-element_type=\"widget\" data-widget_type=\"image-box.default\">\n\t\t\t\t<div class=\"elementor-widget-container\">\n\t\t\t\t\t<div class=\"elementor-image-box-wrapper\"><figure class=\"elementor-image-box-img\"><a href=\"https:\/\/parcaventure-beauvezer.fr\/\" tabindex=\"-1\"><img loading=\"lazy\" decoding=\"async\" width=\"1860\" height=\"1290\" src=\"https:\/\/propeyresq.be\/wp-content\/uploads\/2021\/11\/Screenshot-2021-11-28-at-15.45.26.png\" class=\"attachment-full size-full wp-image-1666\" alt=\"\" srcset=\"https:\/\/propeyresq.be\/wp-content\/uploads\/2021\/11\/Screenshot-2021-11-28-at-15.45.26.png 1860w, https:\/\/propeyresq.be\/wp-content\/uploads\/2021\/11\/Screenshot-2021-11-28-at-15.45.26-300x208.png 300w, https:\/\/propeyresq.be\/wp-content\/uploads\/2021\/11\/Screenshot-2021-11-28-at-15.45.26-1024x710.png 1024w, https:\/\/propeyresq.be\/wp-content\/uploads\/2021\/11\/Screenshot-2021-11-28-at-15.45.26-768x533.png 768w, https:\/\/propeyresq.be\/wp-content\/uploads\/2021\/11\/Screenshot-2021-11-28-at-15.45.26-1536x1065.png 1536w\" sizes=\"(max-width: 1860px) 100vw, 1860px\" \/><\/a><\/figure><div class=\"elementor-image-box-content\"><h3 class=\"elementor-image-box-title\"><a href=\"https:\/\/parcaventure-beauvezer.fr\/\">Accrobranche \u00e0 Beauvezer<\/a><\/h3><p class=\"elementor-image-box-description\">A Beauvezer, sur la route de Colmars, rendes-vous au Parc Aventure du Haut Verdon, pour un accrobranche de folie. 4 parcours \u00e0 votre disposition, pour tous - petits et grands.\nRenseignements: https:\/\/parcaventure-beauvezer.fr\/ - tarifs pr\u00e9f\u00e9rentiels pour les Peyrescans<\/p><\/div><\/div>\t\t\t\t<\/div>\n\t\t\t\t<\/div>\n\t\t\t\t\t<\/div>\n\t\t<\/div>\n\t\t\t\t<div class=\"elementor-column elementor-col-50 elementor-top-column elementor-element elementor-element-f4d0432\" data-id=\"f4d0432\" data-element_type=\"column\">\n\t\t\t<div class=\"elementor-widget-wrap elementor-element-populated\">\n\t\t\t\t\t\t<div class=\"elementor-element elementor-element-05fb052 elementor-position-top elementor-widget elementor-widget-image-box\" data-id=\"05fb052\" data-element_type=\"widget\" data-widget_type=\"image-box.default\">\n\t\t\t\t<div class=\"elementor-widget-container\">\n\t\t\t\t\t<div class=\"elementor-image-box-wrapper\"><figure class=\"elementor-image-box-img\"><a href=\"https:\/\/www.verdontourisme.com\/pratiquer-une-activite\/escalade\/les-gres-dannot\/\" tabindex=\"-1\"><img loading=\"lazy\" decoding=\"async\" width=\"750\" height=\"481\" src=\"https:\/\/propeyresq.be\/wp-content\/uploads\/2021\/11\/DSC02982_-_Copie.JPG_750.jpg\" class=\"attachment-full size-full wp-image-1682\" alt=\"\" srcset=\"https:\/\/propeyresq.be\/wp-content\/uploads\/2021\/11\/DSC02982_-_Copie.JPG_750.jpg 750w, https:\/\/propeyresq.be\/wp-content\/uploads\/2021\/11\/DSC02982_-_Copie.JPG_750-300x192.jpg 300w\" sizes=\"(max-width: 750px) 100vw, 750px\" \/><\/a><\/figure><div class=\"elementor-image-box-content\"><h3 class=\"elementor-image-box-title\"><a href=\"https:\/\/www.verdontourisme.com\/pratiquer-une-activite\/escalade\/les-gres-dannot\/\">Escalade<\/a><\/h3><p class=\"elementor-image-box-description\">Grimper ici, cela se m\u00e9rite. Et l\u2019excellente r\u00e9putation d\u2019Annot n\u2019a rien du surfait ni de l\u2019effet de mode. \u00c0 savoir au passage, si Annot est maintenant associ\u00e9 dans l\u2019esprit de tous aux blocs de la vall\u00e9e d\u2019Argenton, il existe aussi les blocs d\u2019Annot, si hauts qu\u2019on y grimpe avec une corde. Ce sont d\u2019ailleurs ces voies qui ont fait venir l\u2019escalade \u00e0 Annot, avant qu\u2019elle ne migre sur les blocs. L\u2019escalade y est largement artificielle, et ces murs de gr\u00e8s archi-lisses sont devenus grimpables \u00e0 grand renfort de prises taill\u00e9es (une centaine de voies, du 4c au 8c+, environ 25 m de hauteur). Et il y a aussi les grandes voies de \"trad\" (une centaine de voies, du 5b au 8a) qui remontent des lignes de fissures dans la plus pure tradition am\u00e9ricaine. <\/p><\/div><\/div>\t\t\t\t<\/div>\n\t\t\t\t<\/div>\n\t\t\t\t\t<\/div>\n\t\t<\/div>\n\t\t\t\t\t<\/div>\n\t\t<\/section>\n\t\t\t\t<\/div>\n\t\t","protected":false},"excerpt":{"rendered":"<p>Activit\u00e9s sportives Au village P\u00e9tanque, tennis de table, volley-ball, VTT Au lac de Castillon Natation, Planche \u00e0 voile, Paddling, Kayak Eau Vive Evasion Eau vive | \u00c9vasion \u2022 nage en eau vive \u2022 rafting \u2022 cano\u00eb gonflable \u2022 canyoning \u2022 randonn\u00e9e aquatique (Var, Verdon, Ubaye). \u2022 Saut \u00e0 l&rsquo;\u00e9lastique Certaines [&hellip;]<\/p>\n","protected":false},"author":2,"featured_media":0,"parent":1185,"menu_order":3,"comment_status":"closed","ping_status":"open","template":"page-templates\/template-fullwidth.php","meta":{"footnotes":""},"class_list":["post-1186","page","type-page","status-publish","hentry"],"post_mailing_queue_ids":[],"_links":{"self":[{"href":"https:\/\/propeyresq.be\/index.php?rest_route=\/wp\/v2\/pages\/1186","targetHints":{"allow":["GET"]}}],"collection":[{"href":"https:\/\/propeyresq.be\/index.php?rest_route=\/wp\/v2\/pages"}],"about":[{"href":"https:\/\/propeyresq.be\/index.php?rest_route=\/wp\/v2\/types\/page"}],"author":[{"embeddable":true,"href":"https:\/\/propeyresq.be\/index.php?rest_route=\/wp\/v2\/users\/2"}],"replies":[{"embeddable":true,"href":"https:\/\/propeyresq.be\/index.php?rest_route=%2Fwp%2Fv2%2Fcomments&post=1186"}],"version-history":[{"count":14,"href":"https:\/\/propeyresq.be\/index.php?rest_route=\/wp\/v2\/pages\/1186\/revisions"}],"predecessor-version":[{"id":1692,"href":"https:\/\/propeyresq.be\/index.php?rest_route=\/wp\/v2\/pages\/1186\/revisions\/1692"}],"up":[{"embeddable":true,"href":"https:\/\/propeyresq.be\/index.php?rest_route=\/wp\/v2\/pages\/1185"}],"wp:attachment":[{"href":"https:\/\/propeyresq.be\/index.php?rest_route=%2Fwp%2Fv2%2Fmedia&parent=1186"}],"curies":[{"name":"wp","href":"https:\/\/api.w.org\/{rel}","templated":true}]}}