{"id":1185,"date":"2008-01-25T16:17:22","date_gmt":"2008-01-25T14:17:22","guid":{"rendered":"http:\/\/www.propeyresq.be\/fr\/?page_id=13"},"modified":"2022-03-27T11:20:56","modified_gmt":"2022-03-27T09:20:56","slug":"activites","status":"publish","type":"page","link":"https:\/\/propeyresq.be\/?page_id=1185","title":{"rendered":"Activit\u00e9s"},"content":{"rendered":"\t\t<div data-elementor-type=\"wp-page\" data-elementor-id=\"1185\" class=\"elementor elementor-1185\">\n\t\t\t\t\t\t<section class=\"elementor-section elementor-top-section elementor-element elementor-element-b13bb6a elementor-section-boxed elementor-section-height-default elementor-section-height-default\" data-id=\"b13bb6a\" data-element_type=\"section\">\n\t\t\t\t\t\t<div class=\"elementor-container elementor-column-gap-default\">\n\t\t\t\t\t<div class=\"elementor-column elementor-col-100 elementor-top-column elementor-element elementor-element-cbd0a17\" data-id=\"cbd0a17\" data-element_type=\"column\">\n\t\t\t<div class=\"elementor-widget-wrap elementor-element-populated\">\n\t\t\t\t\t\t<div class=\"elementor-element elementor-element-b51ae2a elementor-widget elementor-widget-heading\" data-id=\"b51ae2a\" data-element_type=\"widget\" data-widget_type=\"heading.default\">\n\t\t\t\t<div class=\"elementor-widget-container\">\n\t\t\t\t\t<h1 class=\"elementor-heading-title elementor-size-default\">Activit\u00e9s<\/h1>\t\t\t\t<\/div>\n\t\t\t\t<\/div>\n\t\t\t\t\t<\/div>\n\t\t<\/div>\n\t\t\t\t\t<\/div>\n\t\t<\/section>\n\t\t\t\t<section class=\"elementor-section elementor-top-section elementor-element elementor-element-c6d02d0 elementor-section-boxed elementor-section-height-default elementor-section-height-default\" data-id=\"c6d02d0\" data-element_type=\"section\">\n\t\t\t\t\t\t<div class=\"elementor-container elementor-column-gap-default\">\n\t\t\t\t\t<div class=\"elementor-column elementor-col-33 elementor-top-column elementor-element elementor-element-8658449\" data-id=\"8658449\" data-element_type=\"column\">\n\t\t\t<div class=\"elementor-widget-wrap elementor-element-populated\">\n\t\t\t\t\t\t<div class=\"elementor-element elementor-element-bee140a elementor-widget elementor-widget-image\" data-id=\"bee140a\" data-element_type=\"widget\" data-widget_type=\"image.default\">\n\t\t\t\t<div class=\"elementor-widget-container\">\n\t\t\t\t\t\t\t\t\t\t\t\t\t\t\t<img fetchpriority=\"high\" decoding=\"async\" width=\"750\" height=\"777\" src=\"https:\/\/propeyresq.be\/wp-content\/uploads\/2020\/03\/animations-988x1024.png\" class=\"attachment-large size-large wp-image-806\" alt=\"\" srcset=\"https:\/\/propeyresq.be\/wp-content\/uploads\/2020\/03\/animations-988x1024.png 988w, https:\/\/propeyresq.be\/wp-content\/uploads\/2020\/03\/animations-290x300.png 290w, https:\/\/propeyresq.be\/wp-content\/uploads\/2020\/03\/animations-768x796.png 768w, https:\/\/propeyresq.be\/wp-content\/uploads\/2020\/03\/animations-1482x1536.png 1482w, https:\/\/propeyresq.be\/wp-content\/uploads\/2020\/03\/animations-1976x2048.png 1976w, https:\/\/propeyresq.be\/wp-content\/uploads\/2020\/03\/animations.png 1990w\" sizes=\"(max-width: 750px) 100vw, 750px\" \/>\t\t\t\t\t\t\t\t\t\t\t\t\t\t\t<\/div>\n\t\t\t\t<\/div>\n\t\t\t\t\t<\/div>\n\t\t<\/div>\n\t\t\t\t<div class=\"elementor-column elementor-col-66 elementor-top-column elementor-element elementor-element-12b7326\" data-id=\"12b7326\" data-element_type=\"column\">\n\t\t\t<div class=\"elementor-widget-wrap elementor-element-populated\">\n\t\t\t\t\t\t<div class=\"elementor-element elementor-element-6d20742 elementor-widget elementor-widget-text-editor\" data-id=\"6d20742\" data-element_type=\"widget\" data-widget_type=\"text-editor.default\">\n\t\t\t\t<div class=\"elementor-widget-container\">\n\t\t\t\t\t\t\t\t\t<p>Chaque \u00e9t\u00e9, des vacances actives alliant cr\u00e9ation, travail, sport, d\u00e9tente, \u00e9changes, trouvent leur \u00e9quilibre sous le soleil peyrescan. Les activit\u00e9s propos\u00e9es vont de l&rsquo;a\u00efkido au th\u00e9\u00e2tre, de la poterie ou la mosa\u00efque au d\u00e9frichage des sentiers, de l&rsquo;\u00e9criture aux randonn\u00e9es.<\/p>\n<p>Par ailleurs la r\u00e9gion offre de nombreuses activit\u00e9s culturelles, sportives ou gastronomiques&#8230;<\/p>\n<p>Les toits de bardeaux ont encore besoin du soin des hommes et les maisons d&rsquo;\u00eatre habit\u00e9es, d&rsquo;entendre rire, chanter, voire philosopher.<\/p>\n<p>Et le soir, les veill\u00e9es, l&rsquo;observation du ciel &#8230; ou ce que vous voulez !<\/p>\n<p><strong>Vous trouverez \u00e0 Peyresq ce que vous y apportez&#8230;<\/strong><\/p>\t\t\t\t\t\t\t\t<\/div>\n\t\t\t\t<\/div>\n\t\t\t\t\t<\/div>\n\t\t<\/div>\n\t\t\t\t\t<\/div>\n\t\t<\/section>\n\t\t\t\t<\/div>\n\t\t","protected":false},"excerpt":{"rendered":"<p>Activit\u00e9s Chaque \u00e9t\u00e9, des vacances actives alliant cr\u00e9ation, travail, sport, d\u00e9tente, \u00e9changes, trouvent leur \u00e9quilibre sous le soleil peyrescan. Les activit\u00e9s propos\u00e9es vont de l&rsquo;a\u00efkido au th\u00e9\u00e2tre, de la poterie ou la mosa\u00efque au d\u00e9frichage des sentiers, de l&rsquo;\u00e9criture aux randonn\u00e9es. Par ailleurs la r\u00e9gion offre de nombreuses activit\u00e9s culturelles, [&hellip;]<\/p>\n","protected":false},"author":2,"featured_media":0,"parent":1062,"menu_order":3,"comment_status":"closed","ping_status":"closed","template":"page-templates\/template-fullwidth.php","meta":{"footnotes":""},"class_list":["post-1185","page","type-page","status-publish","hentry"],"post_mailing_queue_ids":[],"_links":{"self":[{"href":"https:\/\/propeyresq.be\/index.php?rest_route=\/wp\/v2\/pages\/1185","targetHints":{"allow":["GET"]}}],"collection":[{"href":"https:\/\/propeyresq.be\/index.php?rest_route=\/wp\/v2\/pages"}],"about":[{"href":"https:\/\/propeyresq.be\/index.php?rest_route=\/wp\/v2\/types\/page"}],"author":[{"embeddable":true,"href":"https:\/\/propeyresq.be\/index.php?rest_route=\/wp\/v2\/users\/2"}],"replies":[{"embeddable":true,"href":"https:\/\/propeyresq.be\/index.php?rest_route=%2Fwp%2Fv2%2Fcomments&post=1185"}],"version-history":[{"count":4,"href":"https:\/\/propeyresq.be\/index.php?rest_route=\/wp\/v2\/pages\/1185\/revisions"}],"predecessor-version":[{"id":1578,"href":"https:\/\/propeyresq.be\/index.php?rest_route=\/wp\/v2\/pages\/1185\/revisions\/1578"}],"up":[{"embeddable":true,"href":"https:\/\/propeyresq.be\/index.php?rest_route=\/wp\/v2\/pages\/1062"}],"wp:attachment":[{"href":"https:\/\/propeyresq.be\/index.php?rest_route=%2Fwp%2Fv2%2Fmedia&parent=1185"}],"curies":[{"name":"wp","href":"https:\/\/api.w.org\/{rel}","templated":true}]}}