{"id":1018,"date":"2021-04-03T10:49:22","date_gmt":"2021-04-03T08:49:22","guid":{"rendered":"http:\/\/www.propeyresq.be\/site\/?page_id=1018"},"modified":"2024-09-25T14:02:39","modified_gmt":"2024-09-25T12:02:39","slug":"devenir-membre","status":"publish","type":"page","link":"https:\/\/propeyresq.be\/?page_id=1018","title":{"rendered":"Devenir membre"},"content":{"rendered":"\t\t<div data-elementor-type=\"wp-page\" data-elementor-id=\"1018\" class=\"elementor elementor-1018\">\n\t\t\t\t\t\t<section class=\"elementor-section elementor-top-section elementor-element elementor-element-aed1c3f elementor-section-boxed elementor-section-height-default elementor-section-height-default\" data-id=\"aed1c3f\" data-element_type=\"section\">\n\t\t\t\t\t\t<div class=\"elementor-container elementor-column-gap-default\">\n\t\t\t\t\t<div class=\"elementor-column elementor-col-100 elementor-top-column elementor-element elementor-element-ba48076\" data-id=\"ba48076\" data-element_type=\"column\">\n\t\t\t<div class=\"elementor-widget-wrap elementor-element-populated\">\n\t\t\t\t\t\t<div class=\"elementor-element elementor-element-2ad2167 elementor-widget elementor-widget-heading\" data-id=\"2ad2167\" data-element_type=\"widget\" data-widget_type=\"heading.default\">\n\t\t\t\t<div class=\"elementor-widget-container\">\n\t\t\t\t\t<h1 class=\"elementor-heading-title elementor-size-default\"><b>Devenir membre<\/b><\/h1>\t\t\t\t<\/div>\n\t\t\t\t<\/div>\n\t\t\t\t\t<\/div>\n\t\t<\/div>\n\t\t\t\t\t<\/div>\n\t\t<\/section>\n\t\t\t\t<section class=\"elementor-section elementor-top-section elementor-element elementor-element-5fee524 elementor-section-boxed elementor-section-height-default elementor-section-height-default\" data-id=\"5fee524\" data-element_type=\"section\">\n\t\t\t\t\t\t<div class=\"elementor-container elementor-column-gap-default\">\n\t\t\t\t\t<div class=\"elementor-column elementor-col-100 elementor-top-column elementor-element elementor-element-65132aac\" data-id=\"65132aac\" data-element_type=\"column\">\n\t\t\t<div class=\"elementor-widget-wrap elementor-element-populated\">\n\t\t\t\t\t\t<div class=\"elementor-element elementor-element-70c06ee9 elementor-widget elementor-widget-text-editor\" data-id=\"70c06ee9\" data-element_type=\"widget\" data-widget_type=\"text-editor.default\">\n\t\t\t\t<div class=\"elementor-widget-container\">\n\t\t\t\t\t\t\t\t\t<p>Tu souhaites adh\u00e9rer \u00e0 notre association et ainsi soutenir notre action? La cotisation de membre adh\u00e9rent est de 15\u20ac et est une condition pour pouvoir s\u00e9journer dans nos infrastructures.<\/p>\n<p>Tu souhaites aller un pas plus loin? En tant que membre effectif, tu pourras participer aux Assembl\u00e9es G\u00e9n\u00e9rales et ainsi t&rsquo;impliquer dans la gouvernance de notre projet. La cotisation est de 20\u20ac et les candidatures sont \u00e0 adresser au secr\u00e9tariat (info@propeyresq.be).<\/p>\n<p><strong>BNP Paribas Fortis: IBAN BE25 0010 6377 8182 &#8211; BIC&nbsp;GEBABEBB &#8211; Communication: Cotisation 2024<\/strong><\/p>\n<p><strong>&nbsp;<\/strong><\/p>\n<p>Tu souhaites t&rsquo;impliquer dans l&rsquo;association mais tu ne sais pas comment?<\/p>\n<p>Ce document est fait pour toi:&nbsp;<a href=\"https:\/\/propeyresq.be\/wp-content\/uploads\/2017\/01\/Manuel-comment-simpliquer.pdf\" target=\"_blank\" style=\"background-color: rgb(255, 255, 255);\">Comment s&rsquo;impliquer au sein de l&rsquo;ASBL ProPeyresq?<\/a><\/p>\t\t\t\t\t\t\t\t<\/div>\n\t\t\t\t<\/div>\n\t\t\t\t\t<\/div>\n\t\t<\/div>\n\t\t\t\t\t<\/div>\n\t\t<\/section>\n\t\t\t\t<\/div>\n\t\t","protected":false},"excerpt":{"rendered":"<p>Devenir membre Tu souhaites adh\u00e9rer \u00e0 notre association et ainsi soutenir notre action? La cotisation de membre adh\u00e9rent est de 15\u20ac et est une condition pour pouvoir s\u00e9journer dans nos infrastructures. Tu souhaites aller un pas plus loin? En tant que membre effectif, tu pourras participer aux Assembl\u00e9es G\u00e9n\u00e9rales et [&hellip;]<\/p>\n","protected":false},"author":2,"featured_media":0,"parent":636,"menu_order":6,"comment_status":"closed","ping_status":"closed","template":"page-templates\/template-fullwidth.php","meta":{"footnotes":""},"class_list":["post-1018","page","type-page","status-publish","hentry"],"post_mailing_queue_ids":[],"_links":{"self":[{"href":"https:\/\/propeyresq.be\/index.php?rest_route=\/wp\/v2\/pages\/1018","targetHints":{"allow":["GET"]}}],"collection":[{"href":"https:\/\/propeyresq.be\/index.php?rest_route=\/wp\/v2\/pages"}],"about":[{"href":"https:\/\/propeyresq.be\/index.php?rest_route=\/wp\/v2\/types\/page"}],"author":[{"embeddable":true,"href":"https:\/\/propeyresq.be\/index.php?rest_route=\/wp\/v2\/users\/2"}],"replies":[{"embeddable":true,"href":"https:\/\/propeyresq.be\/index.php?rest_route=%2Fwp%2Fv2%2Fcomments&post=1018"}],"version-history":[{"count":20,"href":"https:\/\/propeyresq.be\/index.php?rest_route=\/wp\/v2\/pages\/1018\/revisions"}],"predecessor-version":[{"id":2807,"href":"https:\/\/propeyresq.be\/index.php?rest_route=\/wp\/v2\/pages\/1018\/revisions\/2807"}],"up":[{"embeddable":true,"href":"https:\/\/propeyresq.be\/index.php?rest_route=\/wp\/v2\/pages\/636"}],"wp:attachment":[{"href":"https:\/\/propeyresq.be\/index.php?rest_route=%2Fwp%2Fv2%2Fmedia&parent=1018"}],"curies":[{"name":"wp","href":"https:\/\/api.w.org\/{rel}","templated":true}]}}